{"id":3554,"date":"2024-02-16T15:44:51","date_gmt":"2024-02-16T15:44:51","guid":{"rendered":"https:\/\/oasisofbeing.at\/soma-retreats\/"},"modified":"2026-03-03T09:47:33","modified_gmt":"2026-03-03T09:47:33","slug":"soma-retreats","status":"publish","type":"page","link":"https:\/\/oasisofbeing.at\/de\/soma-retreats\/","title":{"rendered":"Einzel-Retreats"},"content":{"rendered":"\t\t<div data-elementor-type=\"wp-page\" data-elementor-id=\"3554\" class=\"elementor elementor-3554 elementor-2684\">\n\t\t\t\t<div class=\"elementor-element elementor-element-dcfb448 e-con-full e-flex e-con e-parent\" data-id=\"dcfb448\" data-element_type=\"container\" data-e-type=\"container\" data-settings=\"{&quot;background_background&quot;:&quot;classic&quot;}\">\n\t\t<div class=\"elementor-element elementor-element-d21b7e0 e-flex e-con-boxed e-con e-child\" data-id=\"d21b7e0\" data-element_type=\"container\" data-e-type=\"container\">\n\t\t\t\t\t<div class=\"e-con-inner\">\n\t\t\t\t<div class=\"elementor-element elementor-element-e9fd9dc elementor-invisible elementor-widget elementor-widget-heading\" data-id=\"e9fd9dc\" data-element_type=\"widget\" data-e-type=\"widget\" data-settings=\"{&quot;_animation&quot;:&quot;fadeIn&quot;}\" data-widget_type=\"heading.default\">\n\t\t\t\t<div class=\"elementor-widget-container\">\n\t\t\t\t\t<h1 class=\"elementor-heading-title elementor-size-default\">Individuelle Soma-Retreats<\/h1>\t\t\t\t<\/div>\n\t\t\t\t<\/div>\n\t\t\t\t\t<\/div>\n\t\t\t\t<\/div>\n\t\t\t\t<\/div>\n\t\t<div class=\"elementor-element elementor-element-500861b e-flex e-con-boxed e-con e-parent\" data-id=\"500861b\" data-element_type=\"container\" data-e-type=\"container\" data-settings=\"{&quot;background_background&quot;:&quot;classic&quot;}\">\n\t\t\t\t\t<div class=\"e-con-inner\">\n\t\t<div class=\"elementor-element elementor-element-7dbc6fb e-con-full e-flex e-con e-child\" data-id=\"7dbc6fb\" data-element_type=\"container\" data-e-type=\"container\">\n\t\t\t\t<div class=\"elementor-element elementor-element-e828e39 elementor-widget elementor-widget-image\" data-id=\"e828e39\" data-element_type=\"widget\" data-e-type=\"widget\" data-widget_type=\"image.default\">\n\t\t\t\t<div class=\"elementor-widget-container\">\n\t\t\t\t\t\t\t\t\t\t\t\t\t\t\t<img fetchpriority=\"high\" decoding=\"async\" width=\"1024\" height=\"86\" src=\"https:\/\/oasisofbeing.at\/wp-content\/uploads\/2024\/02\/lligne-gold-1024x86.png\" class=\"attachment-large size-large wp-image-3503\" alt=\"\" srcset=\"https:\/\/oasisofbeing.at\/wp-content\/uploads\/2024\/02\/lligne-gold-1024x86.png 1024w, https:\/\/oasisofbeing.at\/wp-content\/uploads\/2024\/02\/lligne-gold-300x25.png 300w, https:\/\/oasisofbeing.at\/wp-content\/uploads\/2024\/02\/lligne-gold-768x64.png 768w, https:\/\/oasisofbeing.at\/wp-content\/uploads\/2024\/02\/lligne-gold-1536x129.png 1536w, https:\/\/oasisofbeing.at\/wp-content\/uploads\/2024\/02\/lligne-gold-2048x172.png 2048w\" sizes=\"(max-width: 1024px) 100vw, 1024px\" \/>\t\t\t\t\t\t\t\t\t\t\t\t\t\t\t<\/div>\n\t\t\t\t<\/div>\n\t\t\t\t<\/div>\n\t\t\t\t\t<\/div>\n\t\t\t\t<\/div>\n\t\t<div class=\"elementor-element elementor-element-ab2cdc8 e-flex e-con-boxed e-con e-parent\" data-id=\"ab2cdc8\" data-element_type=\"container\" data-e-type=\"container\">\n\t\t\t\t\t<div class=\"e-con-inner\">\n\t\t<div class=\"elementor-element elementor-element-4f276c1 e-con-full e-flex e-con e-child\" data-id=\"4f276c1\" data-element_type=\"container\" data-e-type=\"container\">\n\t\t\t\t<div class=\"elementor-element elementor-element-72c0d1a elementor-invisible elementor-widget elementor-widget-heading\" data-id=\"72c0d1a\" data-element_type=\"widget\" data-e-type=\"widget\" id=\"soma-retreats\" data-settings=\"{&quot;_animation&quot;:&quot;slideInLeft&quot;}\" data-widget_type=\"heading.default\">\n\t\t\t\t<div class=\"elementor-widget-container\">\n\t\t\t\t\t<h4 class=\"elementor-heading-title elementor-size-default\">Das Individual Soma Retreat ist eine Einladung, tief innezuhalten, Ihr Nervensystem wieder ins Gleichgewicht zu bringen und innere Stabilit\u00e4t wiederzuentdecken - getragen von der Natur, individueller Pflege und Praktiken, die Sie genau dort treffen, wo Sie sind.<\/h4>\t\t\t\t<\/div>\n\t\t\t\t<\/div>\n\t\t\t\t<div class=\"elementor-element elementor-element-1c60969 elementor-widget elementor-widget-text-editor\" data-id=\"1c60969\" data-element_type=\"widget\" data-e-type=\"widget\" data-widget_type=\"text-editor.default\">\n\t\t\t\t<div class=\"elementor-widget-container\">\n\t\t\t\t\t\t\t\t\t<p>Das individuelle Soma-Retreat ist ein <strong>Heilungs-Retreat<\/strong> f\u00fcr Menschen, die unter <strong>Burnout, \u00c4ngsten, chronischem Stress, Schlafst\u00f6rungen, emotionaler \u00dcberforderung oder einem tiefen Gef\u00fchl des Ungleichgewichts<\/strong> leiden. Das Retreat findet in einer abgeschiedenen Bergwelt im S\u00fcden \u00d6sterreichs statt und bietet einen sicheren Raum, in dem Ihr Nervensystem endlich zur Ruhe kommen, sich regulieren und neu ausrichten kann.<br><\/p>\t\t\t\t\t\t\t\t<\/div>\n\t\t\t\t<\/div>\n\t\t\t\t<div class=\"elementor-element elementor-element-977d381 elementor-widget elementor-widget-text-editor\" data-id=\"977d381\" data-element_type=\"widget\" data-e-type=\"widget\" data-widget_type=\"text-editor.default\">\n\t\t\t\t<div class=\"elementor-widget-container\">\n\t\t\t\t\t\t\t\t\t<p>Alles w\u00e4hrend deines Aufenthalts ist v\u00f6llig individuell \u2013 dein Tagesrhythmus, der Zeitpunkt der Sitzungen, das Tempo der Aktivit\u00e4ten und sogar dein Essensplan und deine Ern\u00e4hrung. Der R\u00fcckzugsort wird ganz nach Ihrem Zustand, Ihren Bed\u00fcrfnissen und dem, was Ihre Genesung am besten unterst\u00fctzt, gestaltet.<\/p>\t\t\t\t\t\t\t\t<\/div>\n\t\t\t\t<\/div>\n\t\t\t\t<\/div>\n\t\t<div class=\"elementor-element elementor-element-9ba4def e-con-full e-flex e-con e-child\" data-id=\"9ba4def\" data-element_type=\"container\" data-e-type=\"container\">\n\t\t\t\t<div class=\"elementor-element elementor-element-c3119f6 elementor-widget elementor-widget-text-editor\" data-id=\"c3119f6\" data-element_type=\"widget\" data-e-type=\"widget\" data-widget_type=\"text-editor.default\">\n\t\t\t\t<div class=\"elementor-widget-container\">\n\t\t\t\t\t\t\t\t\t<p>Jeder Tag beinhaltet<strong> spezifische somatische und yogische \u00dcbungen<\/strong>, die darauf ausgerichtet sind, Ihr System zu beruhigen, Spannungen abzubauen, den Geist zu beruhigen und die innere Widerstandsf\u00e4higkeit wiederherzustellen. Die Morgen- und Abendsitzungen werden an dein Energieniveau und den nat\u00fcrlichen Rhythmus der Jahreszeit angepasst.<br> Je nach Dauer deines Aufenthaltes k\u00f6nnen <strong>spezifische individuelle Heilbehandlungen<\/strong> hinzugef\u00fcgt werden.<\/p>\t\t\t\t\t\t\t\t<\/div>\n\t\t\t\t<\/div>\n\t\t\t\t<div class=\"elementor-element elementor-element-5d451d0 elementor-invisible elementor-widget elementor-widget-image\" data-id=\"5d451d0\" data-element_type=\"widget\" data-e-type=\"widget\" data-settings=\"{&quot;_animation&quot;:&quot;fadeInLeft&quot;}\" data-widget_type=\"image.default\">\n\t\t\t\t<div class=\"elementor-widget-container\">\n\t\t\t\t\t\t\t\t\t\t\t\t\t\t\t<img decoding=\"async\" width=\"2155\" height=\"1500\" src=\"https:\/\/oasisofbeing.at\/wp-content\/uploads\/2024\/02\/Soma-Retreat-RECHARGE.jpg\" class=\"attachment-full size-full wp-image-3531\" alt=\"\" srcset=\"https:\/\/oasisofbeing.at\/wp-content\/uploads\/2024\/02\/Soma-Retreat-RECHARGE.jpg 2155w, https:\/\/oasisofbeing.at\/wp-content\/uploads\/2024\/02\/Soma-Retreat-RECHARGE-300x209.jpg 300w, https:\/\/oasisofbeing.at\/wp-content\/uploads\/2024\/02\/Soma-Retreat-RECHARGE-1024x713.jpg 1024w, https:\/\/oasisofbeing.at\/wp-content\/uploads\/2024\/02\/Soma-Retreat-RECHARGE-768x535.jpg 768w, https:\/\/oasisofbeing.at\/wp-content\/uploads\/2024\/02\/Soma-Retreat-RECHARGE-1536x1069.jpg 1536w, https:\/\/oasisofbeing.at\/wp-content\/uploads\/2024\/02\/Soma-Retreat-RECHARGE-2048x1426.jpg 2048w\" sizes=\"(max-width: 2155px) 100vw, 2155px\" \/>\t\t\t\t\t\t\t\t\t\t\t\t\t\t\t<\/div>\n\t\t\t\t<\/div>\n\t\t\t\t<\/div>\n\t\t\t\t\t<\/div>\n\t\t\t\t<\/div>\n\t\t<div class=\"elementor-element elementor-element-0df4687 e-flex e-con-boxed e-con e-parent\" data-id=\"0df4687\" data-element_type=\"container\" data-e-type=\"container\" data-settings=\"{&quot;background_background&quot;:&quot;classic&quot;}\">\n\t\t\t\t\t<div class=\"e-con-inner\">\n\t\t<div class=\"elementor-element elementor-element-0341c81 e-con-full e-flex e-con e-child\" data-id=\"0341c81\" data-element_type=\"container\" data-e-type=\"container\">\n\t\t\t\t<div class=\"elementor-element elementor-element-56d5272 elementor-widget elementor-widget-text-editor\" data-id=\"56d5272\" data-element_type=\"widget\" data-e-type=\"widget\" data-widget_type=\"text-editor.default\">\n\t\t\t\t<div class=\"elementor-widget-container\">\n\t\t\t\t\t\t\t\t\t<h3 style=\"text-align: center;\">SOMATISCHER DIALOG<\/h3><h3 style=\"text-align: center;\">KUNDALINI YOGA<\/h3><h3 style=\"text-align: center;\">BESONDERE DI\u00c4T<\/h3><h3 style=\"text-align: center;\">SOMA COACHING<\/h3><h3 style=\"text-align: center;\">HYPNOTHERAPIE<\/h3><h3 style=\"text-align: center;\">SAT NAM RASAYAN<\/h3><h3 style=\"text-align: center;\">TANTRISCHE NUMEROLOGIE<\/h3>\t\t\t\t\t\t\t\t<\/div>\n\t\t\t\t<\/div>\n\t\t\t\t<div class=\"elementor-element elementor-element-4d03023 elementor-widget elementor-widget-text-editor\" data-id=\"4d03023\" data-element_type=\"widget\" data-e-type=\"widget\" data-widget_type=\"text-editor.default\">\n\t\t\t\t<div class=\"elementor-widget-container\">\n\t\t\t\t\t\t\t\t\t<p>Zwischen den Sitzungen haben Sie viel Zeit, um sich auszuruhen, zu schlafen, spazieren zu gehen oder einfach die Stille zu genie\u00dfen. Sie k\u00f6nnen die Berge erkunden, am Fluss sitzen oder das Elektrofahrrad benutzen &#8211; nur, wenn Sie sich dabei gut f\u00fchlen. Nichts wird Ihnen aufgezwungen, alles ist optional und an Sie angepasst.  <\/p>\t\t\t\t\t\t\t\t<\/div>\n\t\t\t\t<\/div>\n\t\t\t\t<div class=\"elementor-element elementor-element-b95e72a elementor-widget elementor-widget-text-editor\" data-id=\"b95e72a\" data-element_type=\"widget\" data-e-type=\"widget\" data-widget_type=\"text-editor.default\">\n\t\t\t\t<div class=\"elementor-widget-container\">\n\t\t\t\t\t\t\t\t\t<p>Sie wohnen in einem <strong>privaten 70 m\u00b2 gro\u00dfen Apartment<\/strong> oder einem <strong>Privatzimmer<\/strong> mit Bergblick, das Ihnen Privatsph\u00e4re, Komfort und Ruhe bietet, wenn Sie sich zur\u00fcckziehen m\u00f6chten.<\/p>\t\t\t\t\t\t\t\t<\/div>\n\t\t\t\t<\/div>\n\t\t\t\t<div class=\"elementor-element elementor-element-a0218bb elementor-widget elementor-widget-text-editor\" data-id=\"a0218bb\" data-element_type=\"widget\" data-e-type=\"widget\" data-widget_type=\"text-editor.default\">\n\t\t\t\t<div class=\"elementor-widget-container\">\n\t\t\t\t\t\t\t\t\t<p>Ihre Mahlzeiten folgen einem <strong>individuell angepassten Zeitplan<\/strong> mit speziell f\u00fcr Sie zubereiteten Bio-Lebensmitteln. Die Essenszeiten, die Anpassungen der Ern\u00e4hrung und der Grad der Stimulation oder Einfachheit Ihrer Nahrung werden individuell angepasst, um Ihre Verdauung, Ihre Hormone und Ihr Schlafverhalten zu regulieren. <\/p>\t\t\t\t\t\t\t\t<\/div>\n\t\t\t\t<\/div>\n\t\t\t\t<\/div>\n\t\t<div class=\"elementor-element elementor-element-bc308b2 e-con-full e-flex e-con e-child\" data-id=\"bc308b2\" data-element_type=\"container\" data-e-type=\"container\">\n\t\t\t\t<div class=\"elementor-element elementor-element-2b27a33 elementor-widget elementor-widget-text-editor\" data-id=\"2b27a33\" data-element_type=\"widget\" data-e-type=\"widget\" data-widget_type=\"text-editor.default\">\n\t\t\t\t<div class=\"elementor-widget-container\">\n\t\t\t\t\t\t\t\t\t<p>Vor dem Retreat treffen wir uns online, um herauszufinden, womit du derzeit konfrontiert bist \u2013 sei es Ersch\u00f6pfung, Angst, emotionale Belastung, Schlaflosigkeit oder Orientierungslosigkeit \u2013 und legen gemeinsam den Schwerpunkt deines Retreats fest. <strong>Diese pers\u00f6nliche Ausrichtung stellt sicher, dass dein Aufenthalt einen echten Reset erm\u00f6glicht<\/strong><strong> und<\/strong><strong> nicht nur eine vor\u00fcbergehende Flucht ist<\/strong>.<br><\/p>\t\t\t\t\t\t\t\t<\/div>\n\t\t\t\t<\/div>\n\t\t\t\t<div class=\"elementor-element elementor-element-88f2154 elementor-invisible elementor-widget elementor-widget-image\" data-id=\"88f2154\" data-element_type=\"widget\" data-e-type=\"widget\" data-settings=\"{&quot;_animation&quot;:&quot;fadeInLeft&quot;}\" data-widget_type=\"image.default\">\n\t\t\t\t<div class=\"elementor-widget-container\">\n\t\t\t\t\t\t\t\t\t\t\t\t\t\t\t<img decoding=\"async\" width=\"2070\" height=\"1500\" src=\"https:\/\/oasisofbeing.at\/wp-content\/uploads\/2024\/02\/Soma-Retreat-RECOVER.jpg\" class=\"attachment-full size-full wp-image-3532\" alt=\"\" srcset=\"https:\/\/oasisofbeing.at\/wp-content\/uploads\/2024\/02\/Soma-Retreat-RECOVER.jpg 2070w, https:\/\/oasisofbeing.at\/wp-content\/uploads\/2024\/02\/Soma-Retreat-RECOVER-300x217.jpg 300w, https:\/\/oasisofbeing.at\/wp-content\/uploads\/2024\/02\/Soma-Retreat-RECOVER-1024x742.jpg 1024w, https:\/\/oasisofbeing.at\/wp-content\/uploads\/2024\/02\/Soma-Retreat-RECOVER-768x557.jpg 768w, https:\/\/oasisofbeing.at\/wp-content\/uploads\/2024\/02\/Soma-Retreat-RECOVER-1536x1113.jpg 1536w, https:\/\/oasisofbeing.at\/wp-content\/uploads\/2024\/02\/Soma-Retreat-RECOVER-2048x1484.jpg 2048w\" sizes=\"(max-width: 2070px) 100vw, 2070px\" \/>\t\t\t\t\t\t\t\t\t\t\t\t\t\t\t<\/div>\n\t\t\t\t<\/div>\n\t\t\t\t<div class=\"elementor-element elementor-element-c2d311d e-transform elementor-align-center elementor-widget elementor-widget-button\" data-id=\"c2d311d\" data-element_type=\"widget\" data-e-type=\"widget\" data-settings=\"{&quot;_transform_scaleX_effect&quot;:{&quot;unit&quot;:&quot;px&quot;,&quot;size&quot;:&quot;&quot;,&quot;sizes&quot;:[]},&quot;_transform_scaleX_effect_tablet&quot;:{&quot;unit&quot;:&quot;px&quot;,&quot;size&quot;:&quot;&quot;,&quot;sizes&quot;:[]},&quot;_transform_scaleX_effect_mobile&quot;:{&quot;unit&quot;:&quot;px&quot;,&quot;size&quot;:&quot;&quot;,&quot;sizes&quot;:[]},&quot;_transform_scaleY_effect&quot;:{&quot;unit&quot;:&quot;px&quot;,&quot;size&quot;:&quot;&quot;,&quot;sizes&quot;:[]},&quot;_transform_scaleY_effect_tablet&quot;:{&quot;unit&quot;:&quot;px&quot;,&quot;size&quot;:&quot;&quot;,&quot;sizes&quot;:[]},&quot;_transform_scaleY_effect_mobile&quot;:{&quot;unit&quot;:&quot;px&quot;,&quot;size&quot;:&quot;&quot;,&quot;sizes&quot;:[]}}\" data-widget_type=\"button.default\">\n\t\t\t\t<div class=\"elementor-widget-container\">\n\t\t\t\t\t\t\t\t\t<div class=\"elementor-button-wrapper\">\n\t\t\t\t\t<a class=\"elementor-button elementor-button-link elementor-size-sm elementor-animation-grow\" href=\"mailto:contact@oasisofbeing.at\">\n\t\t\t\t\t\t<span class=\"elementor-button-content-wrapper\">\n\t\t\t\t\t\t\t\t\t<span class=\"elementor-button-text\">Schreib uns<\/span>\n\t\t\t\t\t<\/span>\n\t\t\t\t\t<\/a>\n\t\t\t\t<\/div>\n\t\t\t\t\t\t\t\t<\/div>\n\t\t\t\t<\/div>\n\t\t\t\t<div class=\"elementor-element elementor-element-c14952b elementor-align-center elementor-invisible elementor-widget elementor-widget-button\" data-id=\"c14952b\" data-element_type=\"widget\" data-e-type=\"widget\" data-settings=\"{&quot;_animation&quot;:&quot;fadeIn&quot;}\" data-widget_type=\"button.default\">\n\t\t\t\t<div class=\"elementor-widget-container\">\n\t\t\t\t\t\t\t\t\t<div class=\"elementor-button-wrapper\">\n\t\t\t\t\t<a class=\"elementor-button elementor-button-link elementor-size-sm elementor-animation-grow\" href=\"https:\/\/oasisofbeing.at\/de\/gruppen-retreats\/\">\n\t\t\t\t\t\t<span class=\"elementor-button-content-wrapper\">\n\t\t\t\t\t\t\t\t\t<span class=\"elementor-button-text\">Informieren Sie sich auch \u00fcber unsere GROUP Retreats!<\/span>\n\t\t\t\t\t<\/span>\n\t\t\t\t\t<\/a>\n\t\t\t\t<\/div>\n\t\t\t\t\t\t\t\t<\/div>\n\t\t\t\t<\/div>\n\t\t\t\t<\/div>\n\t\t\t\t\t<\/div>\n\t\t\t\t<\/div>\n\t\t<div class=\"elementor-element elementor-element-dab80c2 e-flex e-con-boxed e-con e-parent\" data-id=\"dab80c2\" data-element_type=\"container\" data-e-type=\"container\" data-settings=\"{&quot;background_background&quot;:&quot;classic&quot;}\">\n\t\t\t\t\t<div class=\"e-con-inner\">\n\t\t<div class=\"elementor-element elementor-element-48630d1 e-con-full e-flex e-con e-child\" data-id=\"48630d1\" data-element_type=\"container\" data-e-type=\"container\">\n\t\t\t\t<\/div>\n\t\t\t\t\t<\/div>\n\t\t\t\t<\/div>\n\t\t\t\t<\/div>\n\t\t","protected":false},"excerpt":{"rendered":"<p>Individuelle Soma-Retreats Das Individual Soma Retreat ist eine Einladung, tief innezuhalten, Ihr Nervensystem wieder ins Gleichgewicht zu bringen und innere Stabilit\u00e4t wiederzuentdecken &#8211; getragen von der Natur, individueller Pflege und Praktiken, die Sie genau dort treffen, wo Sie sind. Das individuelle Soma-Retreat ist ein Heilungs-Retreat f\u00fcr Menschen, die unter Burnout, \u00c4ngsten, chronischem Stress, Schlafst\u00f6rungen, emotionaler [&hellip;]<\/p>\n","protected":false},"author":3,"featured_media":0,"parent":0,"menu_order":0,"comment_status":"closed","ping_status":"closed","template":"","meta":{"_eb_attr":"","site-sidebar-layout":"no-sidebar","site-content-layout":"page-builder","ast-site-content-layout":"full-width-container","site-content-style":"unboxed","site-sidebar-style":"unboxed","ast-global-header-display":"","ast-banner-title-visibility":"","ast-main-header-display":"","ast-hfb-above-header-display":"","ast-hfb-below-header-display":"","ast-hfb-mobile-header-display":"","site-post-title":"disabled","ast-breadcrumbs-content":"","ast-featured-img":"disabled","footer-sml-layout":"","ast-disable-related-posts":"","theme-transparent-header-meta":"enabled","adv-header-id-meta":"","stick-header-meta":"","header-above-stick-meta":"","header-main-stick-meta":"","header-below-stick-meta":"","astra-migrate-meta-layouts":"set","ast-page-background-enabled":"default","ast-page-background-meta":{"desktop":{"background-color":"var(--ast-global-color-4)","background-image":"","background-repeat":"repeat","background-position":"center center","background-size":"auto","background-attachment":"scroll","background-type":"","background-media":"","overlay-type":"","overlay-color":"","overlay-opacity":"","overlay-gradient":""},"tablet":{"background-color":"","background-image":"","background-repeat":"repeat","background-position":"center center","background-size":"auto","background-attachment":"scroll","background-type":"","background-media":"","overlay-type":"","overlay-color":"","overlay-opacity":"","overlay-gradient":""},"mobile":{"background-color":"","background-image":"","background-repeat":"repeat","background-position":"center center","background-size":"auto","background-attachment":"scroll","background-type":"","background-media":"","overlay-type":"","overlay-color":"","overlay-opacity":"","overlay-gradient":""}},"ast-content-background-meta":{"desktop":{"background-color":"var(--ast-global-color-5)","background-image":"","background-repeat":"repeat","background-position":"center center","background-size":"auto","background-attachment":"scroll","background-type":"","background-media":"","overlay-type":"","overlay-color":"","overlay-opacity":"","overlay-gradient":""},"tablet":{"background-color":"var(--ast-global-color-5)","background-image":"","background-repeat":"repeat","background-position":"center center","background-size":"auto","background-attachment":"scroll","background-type":"","background-media":"","overlay-type":"","overlay-color":"","overlay-opacity":"","overlay-gradient":""},"mobile":{"background-color":"var(--ast-global-color-5)","background-image":"","background-repeat":"repeat","background-position":"center center","background-size":"auto","background-attachment":"scroll","background-type":"","background-media":"","overlay-type":"","overlay-color":"","overlay-opacity":"","overlay-gradient":""}},"footnotes":""},"class_list":["post-3554","page","type-page","status-publish","hentry"],"_links":{"self":[{"href":"https:\/\/oasisofbeing.at\/de\/wp-json\/wp\/v2\/pages\/3554","targetHints":{"allow":["GET"]}}],"collection":[{"href":"https:\/\/oasisofbeing.at\/de\/wp-json\/wp\/v2\/pages"}],"about":[{"href":"https:\/\/oasisofbeing.at\/de\/wp-json\/wp\/v2\/types\/page"}],"author":[{"embeddable":true,"href":"https:\/\/oasisofbeing.at\/de\/wp-json\/wp\/v2\/users\/3"}],"replies":[{"embeddable":true,"href":"https:\/\/oasisofbeing.at\/de\/wp-json\/wp\/v2\/comments?post=3554"}],"version-history":[{"count":35,"href":"https:\/\/oasisofbeing.at\/de\/wp-json\/wp\/v2\/pages\/3554\/revisions"}],"predecessor-version":[{"id":5118,"href":"https:\/\/oasisofbeing.at\/de\/wp-json\/wp\/v2\/pages\/3554\/revisions\/5118"}],"wp:attachment":[{"href":"https:\/\/oasisofbeing.at\/de\/wp-json\/wp\/v2\/media?parent=3554"}],"curies":[{"name":"wp","href":"https:\/\/api.w.org\/{rel}","templated":true}]}}