{"id":3563,"date":"2024-03-04T16:05:42","date_gmt":"2024-03-04T16:05:42","guid":{"rendered":"https:\/\/oasisofbeing.at\/essential-self-rueckzug\/"},"modified":"2026-05-08T11:16:58","modified_gmt":"2026-05-08T11:16:58","slug":"essential-self-rueckzug","status":"publish","type":"page","link":"https:\/\/oasisofbeing.at\/de\/essential-self-rueckzug\/","title":{"rendered":"Retreat Das Wahre Ich"},"content":{"rendered":"\t\t<div data-elementor-type=\"wp-page\" data-elementor-id=\"3563\" class=\"elementor elementor-3563 elementor-3179\">\n\t\t\t\t<div class=\"elementor-element elementor-element-dcfb448 e-con-full e-flex e-con e-parent\" data-id=\"dcfb448\" data-element_type=\"container\" data-e-type=\"container\" data-settings=\"{&quot;background_background&quot;:&quot;classic&quot;}\">\n\t\t<div class=\"elementor-element elementor-element-d21b7e0 e-flex e-con-boxed e-con e-child\" data-id=\"d21b7e0\" data-element_type=\"container\" data-e-type=\"container\">\n\t\t\t\t\t<div class=\"e-con-inner\">\n\t\t\t\t<div class=\"elementor-element elementor-element-e9fd9dc elementor-invisible elementor-widget elementor-widget-heading\" data-id=\"e9fd9dc\" data-element_type=\"widget\" data-e-type=\"widget\" data-settings=\"{&quot;_animation&quot;:&quot;fadeIn&quot;}\" data-widget_type=\"heading.default\">\n\t\t\t\t<div class=\"elementor-widget-container\">\n\t\t\t\t\t<h1 class=\"elementor-heading-title elementor-size-default\">Das Wahre Ich: Du!<\/h1>\t\t\t\t<\/div>\n\t\t\t\t<\/div>\n\t\t\t\t\t<\/div>\n\t\t\t\t<\/div>\n\t\t\t\t<\/div>\n\t\t<div class=\"elementor-element elementor-element-500861b e-flex e-con-boxed e-con e-parent\" data-id=\"500861b\" data-element_type=\"container\" data-e-type=\"container\" data-settings=\"{&quot;background_background&quot;:&quot;classic&quot;}\">\n\t\t\t\t\t<div class=\"e-con-inner\">\n\t\t<div class=\"elementor-element elementor-element-7dbc6fb e-con-full e-flex e-con e-child\" data-id=\"7dbc6fb\" data-element_type=\"container\" data-e-type=\"container\">\n\t\t\t\t<div class=\"elementor-element elementor-element-e828e39 elementor-widget elementor-widget-image\" data-id=\"e828e39\" data-element_type=\"widget\" data-e-type=\"widget\" data-widget_type=\"image.default\">\n\t\t\t\t<div class=\"elementor-widget-container\">\n\t\t\t\t\t\t\t\t\t\t\t\t\t\t\t<img fetchpriority=\"high\" decoding=\"async\" width=\"2466\" height=\"207\" src=\"https:\/\/oasisofbeing.at\/wp-content\/uploads\/2024\/02\/lligne-gold.png\" class=\"attachment-full size-full wp-image-3503\" alt=\"\" srcset=\"https:\/\/oasisofbeing.at\/wp-content\/uploads\/2024\/02\/lligne-gold.png 2466w, https:\/\/oasisofbeing.at\/wp-content\/uploads\/2024\/02\/lligne-gold-300x25.png 300w, https:\/\/oasisofbeing.at\/wp-content\/uploads\/2024\/02\/lligne-gold-1024x86.png 1024w, https:\/\/oasisofbeing.at\/wp-content\/uploads\/2024\/02\/lligne-gold-768x64.png 768w, https:\/\/oasisofbeing.at\/wp-content\/uploads\/2024\/02\/lligne-gold-1536x129.png 1536w, https:\/\/oasisofbeing.at\/wp-content\/uploads\/2024\/02\/lligne-gold-2048x172.png 2048w\" sizes=\"(max-width: 2466px) 100vw, 2466px\" \/>\t\t\t\t\t\t\t\t\t\t\t\t\t\t\t<\/div>\n\t\t\t\t<\/div>\n\t\t\t\t<\/div>\n\t\t\t\t\t<\/div>\n\t\t\t\t<\/div>\n\t\t<div class=\"elementor-element elementor-element-ca622a2 e-flex e-con-boxed e-con e-parent\" data-id=\"ca622a2\" data-element_type=\"container\" data-e-type=\"container\">\n\t\t\t\t\t<div class=\"e-con-inner\">\n\t\t\t\t<div class=\"elementor-element elementor-element-3c72ba6 elementor-widget elementor-widget-ucaddon_event_box\" data-id=\"3c72ba6\" data-element_type=\"widget\" data-e-type=\"widget\" data-widget_type=\"ucaddon_event_box.default\">\n\t\t\t\t<div class=\"elementor-widget-container\">\n\t\t\t\t\t\n<!-- start Event Box -->\n\t\t<link id='font-awesome-css' href='https:\/\/oasisofbeing.at\/wp-content\/plugins\/unlimited-elements-for-elementor\/assets_libraries\/font-awesome6\/fontawesome-all.min.css' type='text\/css' rel='stylesheet' >\n\t\t<link id='font-awesome-4-shim-css' href='https:\/\/oasisofbeing.at\/wp-content\/plugins\/unlimited-elements-for-elementor\/assets_libraries\/font-awesome6\/fontawesome-v4-shims.min.css' type='text\/css' rel='stylesheet' >\n\n<style>\/* widget: Event Box *\/\n\n#uc_event_box_elementor_3c72ba6 * { \n\tbox-sizing: border-box; \n}\n\n#uc_event_box_elementor_3c72ba6, \n#uc_event_box_elementor_3c72ba6 ._blox_event_box\n{\n  overflow:hidden;\n}\n\n#uc_event_box_elementor_3c72ba6 img{ \n  width:100%;\n} \n\n#uc_event_box_elementor_3c72ba6 ._blox_event_box ._blox_image_box{\n\tposition:relative;\n}\n#uc_event_box_elementor_3c72ba6 ._blox_event_box ._blox_image_box img{\n\twidth:100%;\n\tdisplay:block;\n    object-fit: cover;\n}\n\n#uc_event_box_elementor_3c72ba6 ._blox_event_box ._blox_image_box a\n{\n  display:block;\n}\n#uc_event_box_elementor_3c72ba6 ._blox_date_box{\n\n\tdisplay:flex;\n    flex-direction:column;\n    text-align:center;\n    position:relative;\n    z-index:1;\n    overflow:hidden;\n}\n._blox_date{\n\tfont-size:32px;\n}\n\n._blox_paragraph\n{\n  font-size:21px;\n}\n#uc_event_box_elementor_3c72ba6 a._blox_book_now{\n\ttext-align:center;\n\ttext-decoration:none;\n    transition:0.3s;\n}\n#uc_event_box_elementor_3c72ba6 .ue_event_box_overlay\n{\n  position:absolute;\n  top:0;\n  left:0;\n  right:0;\n  bottom:0;\n  display:flex;\n}\n\n#uc_event_box_elementor_3c72ba6 .ue_list_row\n{\n  display:flex;\n  align-items: center; \n}\n\n#uc_event_box_elementor_3c72ba6 .ue_list_row_icon\n{\n  flex-grow:0;\n  flex-shrink:0;\n}\n\n#uc_event_box_elementor_3c72ba6 .ue_list_row_spacing\n{\n  flex-grow:0;\n  flex-shrink:0;\n}\n\n#uc_event_box_elementor_3c72ba6 .ue_list_row_icon svg\n{\n  width:1em;\n  height:1em;\n}\n\n\n\n#uc_event_box_elementor_3c72ba6 .ue_badge\n{\n  position: absolute;\n    top: 16px;\n    right: -70px;transform: rotate(45deg);\t\n        padding: 5px 0px;\n    width: 200px;\n    text-align: center;\n    box-sizing: border-box;\n    z-index:2;\n}\n\n.ue_badge\n{\n  font-size:10px;\n  line-height:1em;\n}\n\n#uc_event_box_elementor_3c72ba6 .ue-content{\n\tposition: relative;\n}\n\n\n#uc_event_box_elementor_3c72ba6 .ue_event_box_footer\n{\n  width:100%;\n}\n\n<\/style>\n\n<div class=\"_blox_clean_event_box\" id=\"uc_event_box_elementor_3c72ba6\">\n        <div class=\"_blox_event_box\" style=\"\">\n          \n            <a href=\"#\" >          <div class=\"_blox_image_box\">\n              \n              \t            \t\t<img decoding=\"async\" src=\"https:\/\/oasisofbeing.at\/wp-content\/uploads\/2025\/08\/c56191a93e3739cd40e0050bad08c88a-1536x1152.jpg\" alt=\"c56191a93e3739cd40e0050bad08c88a\"  src=\"https:\/\/oasisofbeing.at\/wp-content\/uploads\/2025\/08\/c56191a93e3739cd40e0050bad08c88a-1536x1152.jpg\" alt=\"c56191a93e3739cd40e0050bad08c88a\" width=\"1536\" height=\"864\">\n            \t\t\n              \n              \t\n              \n                <div class=\"ue_event_box_overlay\">\n                  \n                                        <div class=\"_blox_date_box\">\n                        <div class=\"_blox_date\">18<\/div>\n                        <div class=\"_blox_month\">Juli<\/div>\n                     <\/div>  \n                  \t\n                  \n                  \t\n\n                \n                <\/div>\n            <\/div>\n            <\/a>          \n          \n          <div class=\"ue-content\">\n          \n                        \n            <div class=\"_blox_content_box\">\n            \t<div class=\"_blox_paragraph\">DAS WAHRE ICH RETREAT: SEI DU SELBST!<\/div>                <div class=\"_blox_text\"><p class=\"p1\"><strong>Dieses Retreat zielt darauf ab:<\/strong><\/p><ul class=\"ul1\"><li>Sich Zeit f\u00fcr sich selbst nehmen: Selbstreflexion, Entspannung, Zeit in der Natur, ....<\/li><li class=\"li2\">Die Verbindung zu deinem instinktiven Selbst: Sicherheit, Spontaneit\u00e4t, Unschuld, Antrieb, ....<\/li><li class=\"li2\">Praktizieren Sie spezielle Kriyas\/Meditationen und eine Konstellation, um zu erkennen, wo Sie sich Ihrer eigenen Natur widersetzen.<\/li><li class=\"li2\">Gewinne den Zugang zu deiner Ganzheit zur\u00fcck und traue dich, sie zu manifestieren.<\/li><li>Verbinde dich wieder mit der Natur und ihren Zyklen.<\/li><\/ul><p><strong>SEI DU SELBST!<\/strong><\/p><p>Was bedeutet es, SIE zu SEIN?<\/p><p>Wir bestehen aus mehreren Teilen; wir sind eine Konstellation von \"Ich\", die manchmal \u00fcbereinstimmt und manchmal im Widerspruch zueinander steht. Wir beurteilen diese Teile nach bestimmten \u00dcberzeugungen, die in unseren \u00dcberlebensmechanismen verwurzelt sind. <\/p><p><em> <\/em><\/p><p><strong>Der erste Schritt auf unserer Reise: ERLAUBEN SIE<\/strong><\/p><p><strong>Somatische Arbeit<\/strong><\/p><p>Sie m\u00fcssen nicht zu einer besseren Version von Ihnen werden, sondern Sie m\u00fcssen stattdessen Ihre tiefe Essenz erkennen, die schon immer da war, Ihre Prakriti, Ihre einzigartige Mischung aus den 5 Elementen.<\/p><p>Sie m\u00fcssen das, was ist, annehmen, anstatt es abzulehnen. Dies setzt eine tiefere Verbindung zu Ihren K\u00f6rperempfindungen und -gef\u00fchlen und ein abgestimmtes und entspanntes Nervensystem voraus. <\/p><p>Akzeptanz ist das Gegenteil davon, ein Opfer zu sein. Der Glaube, ein Opfer zu sein, kommt von den mentalen Geschichten, die wir uns erz\u00e4hlen, und nicht von dem, was wir sp\u00fcren oder f\u00fchlen. <\/p><p> <\/p><p><strong>Zweiter Schritt auf unserer Reise: ALIGN<\/strong><\/p><p><strong>Atem &amp; Aufstellungsarbeit<\/strong><\/p><p>Von diesem Ort der Akzeptanz oder des Zulassens aus kann ich erkennen, was meine W\u00fcnsche sind, was mich erf\u00fcllt.<\/p><p>Durch die sozialen Medien haben wir heute den Eindruck, dass wir viele M\u00f6glichkeiten haben, dass viele verschiedene Leben zug\u00e4nglich sind. Aber das ist Marketing und das ist nicht real. Wenn Sie ausgerichtet sind, h\u00e4ngen Ihre Entscheidungen im Leben nicht von irgendeinem Trend, dem letzten Tik Tok-Video, das Sie gesehen haben, oder von externen Meinungen oder Druck ab.  <\/p><p>Wenn Sie im Einklang sind, kommen Ihre Entscheidungen aus dem Bauch heraus. Sie sind roh und instinktiv. Sie sind nicht zuerst rational. Die Rationalit\u00e4t kommt erst danach, um Ihre Entscheidungen umzusetzen.   <\/p><p> <\/p><p><strong>Dritter und letzter Schritt: MANIFEST<\/strong><\/p><p><strong>Tonarbeit<\/strong><\/p><p>Dieses Retreat ist keine spirituelle Seifenblase, aus der Sie mit sch\u00f6nen Bildern und sch\u00f6nen Erinnerungen zur\u00fcckkommen. Es geht darum, dass Sie Ihr Leben ganz konkret und praktisch verbessern. Das hat etwas mit Ihrer Projektion zu tun. Wie kann ich unter allen Umst\u00e4nden ich selbst sein und die vielf\u00e4ltigen M\u00f6glichkeiten nutzen, die das Leben mir bietet? Sie sollten sich nicht vernachl\u00e4ssigen, missbrauchen oder zerst\u00f6ren, um erfolgreich zu sein. Selbstachtung und Selbstf\u00fcrsorge werden oft von Ihren \u00dcberzeugungen \u00fcberschattet, nicht von der Realit\u00e4t, in der Sie leben.     <\/p><p> <\/p><p>Eine gro\u00dfz\u00fcgige Ern\u00e4hrung, um die Freuden des guten und gesunden Essens zu genie\u00dfen.<\/p><p>Seva: W\u00e4hrend der Exerzitien sind Sie eingeladen, sich am Gemeinschaftsleben zu beteiligen, indem Sie Ihre Zeit und Energie zur Verf\u00fcgung stellen (ca. 30 Minuten pro Tag: Gem\u00fcse schnippeln, Gemeinschaftsr\u00e4ume reinigen, Geschirr sp\u00fclen, ...).<\/p><p> <\/p><p class=\"p1\"><strong>Deine Lehrer:<\/strong><\/p><p class=\"p4\"><a href=\"https:\/\/oasisofbeing.at\/your-hosts\/\">Sat Sarbat<\/a> und <a href=\"https:\/\/oasisofbeing.at\/your-hosts\/\">Satmukh.<\/a><\/p><p> <\/p><p class=\"p1\"><strong>Zeitplan:<\/strong><\/p><p class=\"p2\">Vom 18. Juli, 19:00 bis zum 23. Juli, 8:00.<\/p><p class=\"p2\"><span style=\"text-decoration: underline;\"><span class=\"s2\">Andere Tage<\/span><\/span>:<\/p><p class=\"p2\">Morgentraining (5:00 bis 7:00),<\/p><p class=\"p2\">Fr\u00fchst\u00fcck gegen 7:30 Uhr, Vormittagssitzung (11 Uhr bis 13:00 Uhr),<\/p><p class=\"p2\">Mittagessen gegen 13:00, Nachmittagssitzung (17:00 bis 19:00).<\/p><p class=\"p2\">Abends freies oder leichtes Programm.<\/p><p> <\/p><p class=\"p1\"><strong>Kosten:<\/strong><\/p><p class=\"p2\"><strong>888 Euro<\/strong> vor dem 1. Juni &amp; <strong>988 Euro<\/strong> nach dem 1. Juni.<\/p><p>Inklusive Unterrichtsgeb\u00fchren, Verpflegung und Unterkunft (Mehrbettzimmer).<\/p><p> <\/p><\/div>                <div class=\"ue_container_list\">\n                  <div class=\"ue_list_row\">\n  <div class=\"ue_list_row_icon\"><i class='fas fa-location-arrow'><\/i><\/div>\n  <div class=\"ue_list_row_spacing\"><\/div>\n  <div class=\"ue_list_row_text\">Oase des Seins<\/div>\n  <\/div>\n<div class=\"ue_list_row\">\n  <div class=\"ue_list_row_icon\"><i class='far fa-calendar-check'><\/i><\/div>\n  <div class=\"ue_list_row_spacing\"><\/div>\n  <div class=\"ue_list_row_text\">18-23 Juli 2026<\/div>\n  <\/div>\n<div class=\"ue_list_row\">\n  <div class=\"ue_list_row_icon\"><i class='fas fa-language'><\/i><\/div>\n  <div class=\"ue_list_row_spacing\"><\/div>\n  <div class=\"ue_list_row_text\">ENG und CHIN<\/div>\n  <\/div>\n\n                <\/div>\n            <\/div>\n          \n          \n        \n                   \n         <\/div>\n          <\/div>\n        \n  \n    <\/div>\n<!-- end Event Box -->\t\t\t\t<\/div>\n\t\t\t\t<\/div>\n\t\t\t\t<div class=\"elementor-element elementor-element-055d5d2 elementor-align-center elementor-widget elementor-widget-button\" data-id=\"055d5d2\" data-element_type=\"widget\" data-e-type=\"widget\" data-widget_type=\"button.default\">\n\t\t\t\t<div class=\"elementor-widget-container\">\n\t\t\t\t\t\t\t\t\t<div class=\"elementor-button-wrapper\">\n\t\t\t\t\t<a class=\"elementor-button elementor-button-link elementor-size-sm elementor-animation-grow\" href=\"mailto:oasisofbeing@gmail.com\">\n\t\t\t\t\t\t<span class=\"elementor-button-content-wrapper\">\n\t\t\t\t\t\t\t\t\t<span class=\"elementor-button-text\">Hier anmelden<\/span>\n\t\t\t\t\t<\/span>\n\t\t\t\t\t<\/a>\n\t\t\t\t<\/div>\n\t\t\t\t\t\t\t\t<\/div>\n\t\t\t\t<\/div>\n\t\t\t\t\t<\/div>\n\t\t\t\t<\/div>\n\t\t\t\t<\/div>\n\t\t","protected":false},"excerpt":{"rendered":"<p>Das Wahre Ich: Du! 18 Juli DAS WAHRE ICH RETREAT: SEI DU SELBST! Dieses Retreat zielt darauf ab: Sich Zeit f\u00fcr sich selbst nehmen: Selbstreflexion, Entspannung, Zeit in der Natur, &#8230;. Die Verbindung zu deinem instinktiven Selbst: Sicherheit, Spontaneit\u00e4t, Unschuld, Antrieb, &#8230;. Praktizieren Sie spezielle Kriyas\/Meditationen und eine Konstellation, um zu erkennen, wo Sie sich [&hellip;]<\/p>\n","protected":false},"author":3,"featured_media":0,"parent":0,"menu_order":0,"comment_status":"closed","ping_status":"closed","template":"","meta":{"_eb_attr":"","site-sidebar-layout":"no-sidebar","site-content-layout":"page-builder","ast-site-content-layout":"full-width-container","site-content-style":"unboxed","site-sidebar-style":"unboxed","ast-global-header-display":"","ast-banner-title-visibility":"","ast-main-header-display":"","ast-hfb-above-header-display":"","ast-hfb-below-header-display":"","ast-hfb-mobile-header-display":"","site-post-title":"","ast-breadcrumbs-content":"","ast-featured-img":"disabled","footer-sml-layout":"","ast-disable-related-posts":"","theme-transparent-header-meta":"enabled","adv-header-id-meta":"","stick-header-meta":"","header-above-stick-meta":"","header-main-stick-meta":"","header-below-stick-meta":"","astra-migrate-meta-layouts":"set","ast-page-background-enabled":"default","ast-page-background-meta":{"desktop":{"background-color":"var(--ast-global-color-4)","background-image":"","background-repeat":"repeat","background-position":"center center","background-size":"auto","background-attachment":"scroll","background-type":"","background-media":"","overlay-type":"","overlay-color":"","overlay-opacity":"","overlay-gradient":""},"tablet":{"background-color":"","background-image":"","background-repeat":"repeat","background-position":"center center","background-size":"auto","background-attachment":"scroll","background-type":"","background-media":"","overlay-type":"","overlay-color":"","overlay-opacity":"","overlay-gradient":""},"mobile":{"background-color":"","background-image":"","background-repeat":"repeat","background-position":"center center","background-size":"auto","background-attachment":"scroll","background-type":"","background-media":"","overlay-type":"","overlay-color":"","overlay-opacity":"","overlay-gradient":""}},"ast-content-background-meta":{"desktop":{"background-color":"var(--ast-global-color-5)","background-image":"","background-repeat":"repeat","background-position":"center center","background-size":"auto","background-attachment":"scroll","background-type":"","background-media":"","overlay-type":"","overlay-color":"","overlay-opacity":"","overlay-gradient":""},"tablet":{"background-color":"var(--ast-global-color-5)","background-image":"","background-repeat":"repeat","background-position":"center center","background-size":"auto","background-attachment":"scroll","background-type":"","background-media":"","overlay-type":"","overlay-color":"","overlay-opacity":"","overlay-gradient":""},"mobile":{"background-color":"var(--ast-global-color-5)","background-image":"","background-repeat":"repeat","background-position":"center center","background-size":"auto","background-attachment":"scroll","background-type":"","background-media":"","overlay-type":"","overlay-color":"","overlay-opacity":"","overlay-gradient":""}},"footnotes":""},"class_list":["post-3563","page","type-page","status-publish","hentry"],"_links":{"self":[{"href":"https:\/\/oasisofbeing.at\/de\/wp-json\/wp\/v2\/pages\/3563","targetHints":{"allow":["GET"]}}],"collection":[{"href":"https:\/\/oasisofbeing.at\/de\/wp-json\/wp\/v2\/pages"}],"about":[{"href":"https:\/\/oasisofbeing.at\/de\/wp-json\/wp\/v2\/types\/page"}],"author":[{"embeddable":true,"href":"https:\/\/oasisofbeing.at\/de\/wp-json\/wp\/v2\/users\/3"}],"replies":[{"embeddable":true,"href":"https:\/\/oasisofbeing.at\/de\/wp-json\/wp\/v2\/comments?post=3563"}],"version-history":[{"count":47,"href":"https:\/\/oasisofbeing.at\/de\/wp-json\/wp\/v2\/pages\/3563\/revisions"}],"predecessor-version":[{"id":5251,"href":"https:\/\/oasisofbeing.at\/de\/wp-json\/wp\/v2\/pages\/3563\/revisions\/5251"}],"wp:attachment":[{"href":"https:\/\/oasisofbeing.at\/de\/wp-json\/wp\/v2\/media?parent=3563"}],"curies":[{"name":"wp","href":"https:\/\/api.w.org\/{rel}","templated":true}]}}