{"id":3566,"date":"2024-03-04T16:20:00","date_gmt":"2024-03-04T16:20:00","guid":{"rendered":"https:\/\/oasisofbeing.at\/rueckzug-fuer-geist-und-meditation\/"},"modified":"2026-02-03T12:46:19","modified_gmt":"2026-02-03T12:46:19","slug":"rueckzug-fuer-geist-und-meditation","status":"publish","type":"page","link":"https:\/\/oasisofbeing.at\/de\/rueckzug-fuer-geist-und-meditation\/","title":{"rendered":"Stille Retreat"},"content":{"rendered":"\t\t<div data-elementor-type=\"wp-page\" data-elementor-id=\"3566\" class=\"elementor elementor-3566 elementor-3189\">\n\t\t\t\t<div class=\"elementor-element elementor-element-dcfb448 e-con-full e-flex e-con e-parent\" data-id=\"dcfb448\" data-element_type=\"container\" data-e-type=\"container\" data-settings=\"{&quot;background_background&quot;:&quot;classic&quot;}\">\n\t\t<div class=\"elementor-element elementor-element-d21b7e0 e-flex e-con-boxed e-con e-child\" data-id=\"d21b7e0\" data-element_type=\"container\" data-e-type=\"container\">\n\t\t\t\t\t<div class=\"e-con-inner\">\n\t\t\t\t<div class=\"elementor-element elementor-element-e9fd9dc elementor-invisible elementor-widget elementor-widget-heading\" data-id=\"e9fd9dc\" data-element_type=\"widget\" data-e-type=\"widget\" data-settings=\"{&quot;_animation&quot;:&quot;fadeIn&quot;}\" data-widget_type=\"heading.default\">\n\t\t\t\t<div class=\"elementor-widget-container\">\n\t\t\t\t\t<h1 class=\"elementor-heading-title elementor-size-default\">Magie des Lebens<\/h1>\t\t\t\t<\/div>\n\t\t\t\t<\/div>\n\t\t\t\t\t<\/div>\n\t\t\t\t<\/div>\n\t\t\t\t<\/div>\n\t\t<div class=\"elementor-element elementor-element-500861b e-flex e-con-boxed e-con e-parent\" data-id=\"500861b\" data-element_type=\"container\" data-e-type=\"container\" data-settings=\"{&quot;background_background&quot;:&quot;classic&quot;}\">\n\t\t\t\t\t<div class=\"e-con-inner\">\n\t\t<div class=\"elementor-element elementor-element-7dbc6fb e-con-full e-flex e-con e-child\" data-id=\"7dbc6fb\" data-element_type=\"container\" data-e-type=\"container\">\n\t\t\t\t<div class=\"elementor-element elementor-element-e828e39 elementor-widget elementor-widget-image\" data-id=\"e828e39\" data-element_type=\"widget\" data-e-type=\"widget\" data-widget_type=\"image.default\">\n\t\t\t\t<div class=\"elementor-widget-container\">\n\t\t\t\t\t\t\t\t\t\t\t\t\t\t\t<img fetchpriority=\"high\" decoding=\"async\" width=\"2466\" height=\"207\" src=\"https:\/\/oasisofbeing.at\/wp-content\/uploads\/2024\/02\/lligne-gold.png\" class=\"attachment-full size-full wp-image-3503\" alt=\"\" srcset=\"https:\/\/oasisofbeing.at\/wp-content\/uploads\/2024\/02\/lligne-gold.png 2466w, https:\/\/oasisofbeing.at\/wp-content\/uploads\/2024\/02\/lligne-gold-300x25.png 300w, https:\/\/oasisofbeing.at\/wp-content\/uploads\/2024\/02\/lligne-gold-1024x86.png 1024w, https:\/\/oasisofbeing.at\/wp-content\/uploads\/2024\/02\/lligne-gold-768x64.png 768w, https:\/\/oasisofbeing.at\/wp-content\/uploads\/2024\/02\/lligne-gold-1536x129.png 1536w, https:\/\/oasisofbeing.at\/wp-content\/uploads\/2024\/02\/lligne-gold-2048x172.png 2048w\" sizes=\"(max-width: 2466px) 100vw, 2466px\" \/>\t\t\t\t\t\t\t\t\t\t\t\t\t\t\t<\/div>\n\t\t\t\t<\/div>\n\t\t\t\t<\/div>\n\t\t\t\t\t<\/div>\n\t\t\t\t<\/div>\n\t\t<div class=\"elementor-element elementor-element-ca622a2 e-flex e-con-boxed e-con e-parent\" data-id=\"ca622a2\" data-element_type=\"container\" data-e-type=\"container\">\n\t\t\t\t\t<div class=\"e-con-inner\">\n\t\t\t\t<div class=\"elementor-element elementor-element-3c72ba6 elementor-widget elementor-widget-ucaddon_event_box\" data-id=\"3c72ba6\" data-element_type=\"widget\" data-e-type=\"widget\" data-widget_type=\"ucaddon_event_box.default\">\n\t\t\t\t<div class=\"elementor-widget-container\">\n\t\t\t\t\t\n<!-- start Event Box -->\n\t\t<link id='font-awesome-css' href='https:\/\/oasisofbeing.at\/wp-content\/plugins\/unlimited-elements-for-elementor\/assets_libraries\/font-awesome6\/fontawesome-all.min.css' type='text\/css' rel='stylesheet' >\n\t\t<link id='font-awesome-4-shim-css' href='https:\/\/oasisofbeing.at\/wp-content\/plugins\/unlimited-elements-for-elementor\/assets_libraries\/font-awesome6\/fontawesome-v4-shims.min.css' type='text\/css' rel='stylesheet' >\n\n<style>\/* widget: Event Box *\/\n\n#uc_event_box_elementor_3c72ba6 * { \n\tbox-sizing: border-box; \n}\n\n#uc_event_box_elementor_3c72ba6, \n#uc_event_box_elementor_3c72ba6 ._blox_event_box\n{\n  overflow:hidden;\n}\n\n#uc_event_box_elementor_3c72ba6 img{ \n  width:100%;\n} \n\n#uc_event_box_elementor_3c72ba6 ._blox_event_box ._blox_image_box{\n\tposition:relative;\n}\n#uc_event_box_elementor_3c72ba6 ._blox_event_box ._blox_image_box img{\n\twidth:100%;\n\tdisplay:block;\n    object-fit: cover;\n}\n\n#uc_event_box_elementor_3c72ba6 ._blox_event_box ._blox_image_box a\n{\n  display:block;\n}\n#uc_event_box_elementor_3c72ba6 ._blox_date_box{\n\n\tdisplay:flex;\n    flex-direction:column;\n    text-align:center;\n    position:relative;\n    z-index:1;\n    overflow:hidden;\n}\n._blox_date{\n\tfont-size:32px;\n}\n\n._blox_paragraph\n{\n  font-size:21px;\n}\n#uc_event_box_elementor_3c72ba6 a._blox_book_now{\n\ttext-align:center;\n\ttext-decoration:none;\n    transition:0.3s;\n}\n#uc_event_box_elementor_3c72ba6 .ue_event_box_overlay\n{\n  position:absolute;\n  top:0;\n  left:0;\n  right:0;\n  bottom:0;\n  display:flex;\n}\n\n#uc_event_box_elementor_3c72ba6 .ue_list_row\n{\n  display:flex;\n  align-items: center; \n}\n\n#uc_event_box_elementor_3c72ba6 .ue_list_row_icon\n{\n  flex-grow:0;\n  flex-shrink:0;\n}\n\n#uc_event_box_elementor_3c72ba6 .ue_list_row_spacing\n{\n  flex-grow:0;\n  flex-shrink:0;\n}\n\n#uc_event_box_elementor_3c72ba6 .ue_list_row_icon svg\n{\n  width:1em;\n  height:1em;\n}\n\n\n\n#uc_event_box_elementor_3c72ba6 .ue_badge\n{\n  position: absolute;\n    top: 16px;\n    right: -70px;transform: rotate(45deg);\t\n        padding: 5px 0px;\n    width: 200px;\n    text-align: center;\n    box-sizing: border-box;\n    z-index:2;\n}\n\n.ue_badge\n{\n  font-size:10px;\n  line-height:1em;\n}\n\n#uc_event_box_elementor_3c72ba6 .ue-content{\n\tposition: relative;\n}\n\n\n#uc_event_box_elementor_3c72ba6 .ue_event_box_footer\n{\n  width:100%;\n}\n\n<\/style>\n\n<div class=\"_blox_clean_event_box\" id=\"uc_event_box_elementor_3c72ba6\">\n        <div class=\"_blox_event_box\" style=\"\">\n          \n            <a href=\"#\" >          <div class=\"_blox_image_box\">\n              \n              \t            \t\t<img decoding=\"async\" src=\"https:\/\/oasisofbeing.at\/wp-content\/uploads\/2025\/08\/prayer-DJ-2048x1310.jpg\" alt=\"prayer DJ\"  src=\"https:\/\/oasisofbeing.at\/wp-content\/uploads\/2025\/08\/prayer-DJ-2048x1310.jpg\" alt=\"prayer DJ\" width=\"2048\" height=\"1310\">\n            \t\t\n              \n              \t\n              \n                <div class=\"ue_event_box_overlay\">\n                  \n                                        <div class=\"_blox_date_box\">\n                        <div class=\"_blox_date\">21<\/div>\n                        <div class=\"_blox_month\">Aug<\/div>\n                     <\/div>  \n                  \t\n                  \n                  \t\n\n                \n                <\/div>\n            <\/div>\n            <\/a>          \n          \n          <div class=\"ue-content\">\n          \n                        \n            <div class=\"_blox_content_box\">\n            \t<div class=\"_blox_paragraph\">STILLE &amp; ALCHEMIE RETREAT<\/div>                <div class=\"_blox_text\"><p>Das Leben ist da und wartet darauf, dass wir es annehmen, aber wir sind zu sehr abgelenkt oder betrachten es als Bedrohung und werden Opfer der Umst\u00e4nde!<\/p><p>Wir leben vom \u00dcberleben in einer lauten Welt und in einem lauten Kopf. Wir suchen um jeden Preis Verbindungen, die uns nicht tief n\u00e4hren. Unsere eigenen Worte werden zu einer Ablenkung, da sie in unterbewussten Reaktionen verwurzelt sind, wie kleine Geschichten, die so oft wiederholt wurden, dass sie wahr wurden.  <\/p><p>Eine tiefe Verbundenheit mit der Natur ist eine Gelegenheit, sich zu regenerieren und unsere urspr\u00fcngliche Natur wiederzuentdecken. Wir beginnen das Retreat, indem wir uns mit der Medizin der Natur um uns herum verbinden. Wir werden gemeinsam ein heiliges Ghee herstellen und eine Medizin aus Pflanzen zubereiten, die zu diesem Zeitpunkt mit uns in Resonanz stehen.  <\/p><p>Dann werden wir in strikte Stille eintauchen. Die Stille bietet einen Spiegel, zun\u00e4chst f\u00fcr unseren gesch\u00e4ftigen inneren Dialog, und dann, mit der Zeit und mehr Stabilit\u00e4t, f\u00fcr etwas viel Tieferes. <\/p><div class=\"elementor-element elementor-element-ab7d08e elementor-widget elementor-widget-text-editor\" data-id=\"ab7d08e\" data-element_type=\"widget\" data-widget_type=\"text-editor.default\"><div class=\"elementor-widget-container\"><p><strong>Dieses Retreat zielt darauf ab<\/strong><\/p><ul><li>Mache eine Pause von den sozialen Medien und genie\u00dfe die Stille.<\/li><li>Verbinde dich mit einer tiefen Ressource: der Natur.<\/li><li>Die Natur als Medizin: Zubereitung einer besonderen Medizin.<\/li><li>Tiefe meditative Praxis.<\/li><li>Feuerrituale, um deinen inneren Rhythmus zu finden.<\/li><li>Stiller Spaziergang in der Natur (Tag &amp; Nacht).<\/li><li>Bewusstes Essen.<\/li><\/ul><\/div><\/div><p class=\"p1\"><b>Dieser Retreat kombiniert<\/b><\/p><ul><li>Soma &amp; Kundalini Yoga, um unser Nervensystem zur\u00fcckzusetzen und den Reichtum und die Tiefe der Stille umarmen zu k\u00f6nnen.<\/li><li>Ayurveda und die Natur als Quelle der Heilung.<\/li><li>Bewusste Spazierg\u00e4nge in den Bergen, um unseren Rhythmus neu zu justieren.<\/li><li>Somatische Ber\u00fchrung, um uns auf einer tieferen Ebene mit unserem K\u00f6rper und unserer instinktiven Intelligenz zu verbinden.<\/li><li>Feuerrituale, um sich wieder mit den kosmischen Zyklen zu verbinden.<\/li><li>Tiefe Meditationen an bestimmten Orten in der Natur &amp; Gebet mit den Elementen.<\/li><li>Sattvische Ern\u00e4hrung zur Verfeinerung Ihrer Wahrnehmung.<\/li><\/ul><p>Wir werden unsere Kommunikation zu Beginn des Retreats auf ein Minimum beschr\u00e4nken. Telefone, Tablets und Computer werden weggenommen. <\/p><p>An den Tagen 3-4-5 werden wir uns in strikter Stille aufhalten, um Ihren kontemplativen Geist zu optimieren.<\/p><p>An Tag 5 beginnen wir am Nachmittag wieder mit dem Gespr\u00e4ch, aber Sie bekommen Ihre Ger\u00e4te erst am letzten Tag zur\u00fcck. Wir werden w\u00e4hrend des Retreats eine spezielle sattvische Di\u00e4t einhalten. Diese Di\u00e4t ist leicht und an den \u00dcbergang Sommer\/Herbst angepasst.  <\/p><p>Seva: W\u00e4hrend der Exerzitien sind Sie eingeladen, sich am Gemeinschaftsleben zu beteiligen, indem Sie Ihre Zeit und Energie einbringen (etwa 30 Minuten pro Tag: Gem\u00fcse schneiden, Gemeinschaftsr\u00e4ume reinigen, Geschirr sp\u00fclen, ...).<\/p><p> <\/p><p><strong>21 Tage Vorbereitung<\/strong>: 11 bis 22 Minuten Meditation.<\/p><p> <\/p><p><strong>Kein Mobiltelefon und kein Computer.<\/strong><\/p><p> <\/p><p class=\"p1\"><strong>Deine Lehrer:<\/strong><\/p><p class=\"p2\"><a href=\"https:\/\/3aaa-kundalini.com\/our-teachers\/\">Sat Sarbat <\/a>und <a href=\"https:\/\/3aaa-kundalini.com\/our-teachers\/\">Satmukh.<\/a><\/p><p> <\/p><p class=\"p1\"><strong>Zeitplan:<\/strong><\/p><p>21-27 August<\/p><p>Tag 1: beginnt um 19:00<\/p><p>Tag 7: endet um 8:00 Uhr mit dem Fr\u00fchst\u00fcck<\/p><p><u>Zeitplan eines Tages<\/u><br><em>(kann w\u00e4hrend des Retreats angepasst werden)<\/em><\/p><p>5.00 - 8.00 Uhr fr\u00fches morgendliches Praktizieren<\/p><p>8.00 bis 10:30 Fr\u00fchst\u00fcck &amp; Pause<\/p><p>10:30 bis 13:00 Vormittagsprogramm<\/p><p>Mittagspause: 13:00 bis 16:00<\/p><p>16:00 bis 19:00: Programm am Nachmittag<\/p><p>Gelegentlich einige kurze Abendprogramme.<\/p><p> <\/p><p class=\"p1\"><strong>Kosten:<\/strong><\/p><p><strong>808\u20ac<\/strong> (Fr\u00fchbucher bis 21. Juni)<br>908\u20ac (normal ab 22. Juni)<br><em>Inklusive Unterricht, Bio-Essen (3 Mahlzeiten\/Tag) und Unterkunft (Mehrbettzimmer, 2 bis 4 Betten).<\/em><\/p><p>BUCHE DEINEN PLATZ (begrenzt auf 12): <strong>300\u20ac<\/strong> nicht erstattungsf\u00e4hig<\/p><\/div>                <div class=\"ue_container_list\">\n                  <div class=\"ue_list_row\">\n  <div class=\"ue_list_row_icon\"><i class='fas fa-location-arrow'><\/i><\/div>\n  <div class=\"ue_list_row_spacing\"><\/div>\n  <div class=\"ue_list_row_text\">Oase des Seins<\/div>\n  <\/div>\n<div class=\"ue_list_row\">\n  <div class=\"ue_list_row_icon\"><i class='far fa-calendar-check'><\/i><\/div>\n  <div class=\"ue_list_row_spacing\"><\/div>\n  <div class=\"ue_list_row_text\">Aug 21 - 27 2026<\/div>\n  <\/div>\n<div class=\"ue_list_row\">\n  <div class=\"ue_list_row_icon\"><i class='fas fa-language'><\/i><\/div>\n  <div class=\"ue_list_row_spacing\"><\/div>\n  <div class=\"ue_list_row_text\">ENG<\/div>\n  <\/div>\n\n                <\/div>\n            <\/div>\n          \n          \n        \n                   \n         <\/div>\n          <\/div>\n        \n  \n    <\/div>\n<!-- end Event Box -->\t\t\t\t<\/div>\n\t\t\t\t<\/div>\n\t\t\t\t<div class=\"elementor-element elementor-element-055d5d2 elementor-align-center elementor-widget elementor-widget-button\" data-id=\"055d5d2\" data-element_type=\"widget\" data-e-type=\"widget\" data-widget_type=\"button.default\">\n\t\t\t\t<div class=\"elementor-widget-container\">\n\t\t\t\t\t\t\t\t\t<div class=\"elementor-button-wrapper\">\n\t\t\t\t\t<a class=\"elementor-button elementor-button-link elementor-size-sm elementor-animation-grow\" href=\"mailto:oasisofbeing@gmail.com\">\n\t\t\t\t\t\t<span class=\"elementor-button-content-wrapper\">\n\t\t\t\t\t\t\t\t\t<span class=\"elementor-button-text\">Hier anmelden<\/span>\n\t\t\t\t\t<\/span>\n\t\t\t\t\t<\/a>\n\t\t\t\t<\/div>\n\t\t\t\t\t\t\t\t<\/div>\n\t\t\t\t<\/div>\n\t\t\t\t\t<\/div>\n\t\t\t\t<\/div>\n\t\t\t\t<\/div>\n\t\t","protected":false},"excerpt":{"rendered":"<p>Magie des Lebens 21 Aug STILLE &amp; ALCHEMIE RETREAT Das Leben ist da und wartet darauf, dass wir es annehmen, aber wir sind zu sehr abgelenkt oder betrachten es als Bedrohung und werden Opfer der Umst\u00e4nde! Wir leben vom \u00dcberleben in einer lauten Welt und in einem lauten Kopf. Wir suchen um jeden Preis Verbindungen, [&hellip;]<\/p>\n","protected":false},"author":4,"featured_media":0,"parent":0,"menu_order":0,"comment_status":"closed","ping_status":"closed","template":"","meta":{"_eb_attr":"","site-sidebar-layout":"no-sidebar","site-content-layout":"page-builder","ast-site-content-layout":"full-width-container","site-content-style":"unboxed","site-sidebar-style":"unboxed","ast-global-header-display":"","ast-banner-title-visibility":"","ast-main-header-display":"","ast-hfb-above-header-display":"","ast-hfb-below-header-display":"","ast-hfb-mobile-header-display":"","site-post-title":"disabled","ast-breadcrumbs-content":"","ast-featured-img":"disabled","footer-sml-layout":"","ast-disable-related-posts":"","theme-transparent-header-meta":"enabled","adv-header-id-meta":"","stick-header-meta":"","header-above-stick-meta":"","header-main-stick-meta":"","header-below-stick-meta":"","astra-migrate-meta-layouts":"set","ast-page-background-enabled":"default","ast-page-background-meta":{"desktop":{"background-color":"var(--ast-global-color-4)","background-image":"","background-repeat":"repeat","background-position":"center center","background-size":"auto","background-attachment":"scroll","background-type":"","background-media":"","overlay-type":"","overlay-color":"","overlay-opacity":"","overlay-gradient":""},"tablet":{"background-color":"","background-image":"","background-repeat":"repeat","background-position":"center center","background-size":"auto","background-attachment":"scroll","background-type":"","background-media":"","overlay-type":"","overlay-color":"","overlay-opacity":"","overlay-gradient":""},"mobile":{"background-color":"","background-image":"","background-repeat":"repeat","background-position":"center center","background-size":"auto","background-attachment":"scroll","background-type":"","background-media":"","overlay-type":"","overlay-color":"","overlay-opacity":"","overlay-gradient":""}},"ast-content-background-meta":{"desktop":{"background-color":"var(--ast-global-color-5)","background-image":"","background-repeat":"repeat","background-position":"center center","background-size":"auto","background-attachment":"scroll","background-type":"","background-media":"","overlay-type":"","overlay-color":"","overlay-opacity":"","overlay-gradient":""},"tablet":{"background-color":"var(--ast-global-color-5)","background-image":"","background-repeat":"repeat","background-position":"center center","background-size":"auto","background-attachment":"scroll","background-type":"","background-media":"","overlay-type":"","overlay-color":"","overlay-opacity":"","overlay-gradient":""},"mobile":{"background-color":"var(--ast-global-color-5)","background-image":"","background-repeat":"repeat","background-position":"center center","background-size":"auto","background-attachment":"scroll","background-type":"","background-media":"","overlay-type":"","overlay-color":"","overlay-opacity":"","overlay-gradient":""}},"footnotes":""},"class_list":["post-3566","page","type-page","status-publish","hentry"],"_links":{"self":[{"href":"https:\/\/oasisofbeing.at\/de\/wp-json\/wp\/v2\/pages\/3566","targetHints":{"allow":["GET"]}}],"collection":[{"href":"https:\/\/oasisofbeing.at\/de\/wp-json\/wp\/v2\/pages"}],"about":[{"href":"https:\/\/oasisofbeing.at\/de\/wp-json\/wp\/v2\/types\/page"}],"author":[{"embeddable":true,"href":"https:\/\/oasisofbeing.at\/de\/wp-json\/wp\/v2\/users\/4"}],"replies":[{"embeddable":true,"href":"https:\/\/oasisofbeing.at\/de\/wp-json\/wp\/v2\/comments?post=3566"}],"version-history":[{"count":35,"href":"https:\/\/oasisofbeing.at\/de\/wp-json\/wp\/v2\/pages\/3566\/revisions"}],"predecessor-version":[{"id":4713,"href":"https:\/\/oasisofbeing.at\/de\/wp-json\/wp\/v2\/pages\/3566\/revisions\/4713"}],"wp:attachment":[{"href":"https:\/\/oasisofbeing.at\/de\/wp-json\/wp\/v2\/media?parent=3566"}],"curies":[{"name":"wp","href":"https:\/\/api.w.org\/{rel}","templated":true}]}}