{"id":3589,"date":"2024-03-02T17:32:29","date_gmt":"2024-03-02T17:32:29","guid":{"rendered":"https:\/\/oasisofbeing.at\/tantrisch-somatisches-retreat\/"},"modified":"2026-02-21T18:51:53","modified_gmt":"2026-02-21T18:51:53","slug":"tantrisch-somatisches-retreat","status":"publish","type":"page","link":"https:\/\/oasisofbeing.at\/de\/tantrisch-somatisches-retreat\/","title":{"rendered":"Tantrisch-somatisches Retreat"},"content":{"rendered":"\t\t<div data-elementor-type=\"wp-page\" data-elementor-id=\"3589\" class=\"elementor elementor-3589 elementor-3109\">\n\t\t\t\t<div class=\"elementor-element elementor-element-dcfb448 e-con-full e-flex e-con e-parent\" data-id=\"dcfb448\" data-element_type=\"container\" data-e-type=\"container\" data-settings=\"{&quot;background_background&quot;:&quot;classic&quot;}\">\n\t\t<div class=\"elementor-element elementor-element-d21b7e0 e-flex e-con-boxed e-con e-child\" data-id=\"d21b7e0\" data-element_type=\"container\" data-e-type=\"container\">\n\t\t\t\t\t<div class=\"e-con-inner\">\n\t\t\t\t<div class=\"elementor-element elementor-element-e9fd9dc elementor-invisible elementor-widget elementor-widget-heading\" data-id=\"e9fd9dc\" data-element_type=\"widget\" data-e-type=\"widget\" data-settings=\"{&quot;_animation&quot;:&quot;fadeIn&quot;}\" data-widget_type=\"heading.default\">\n\t\t\t\t<div class=\"elementor-widget-container\">\n\t\t\t\t\t<h1 class=\"elementor-heading-title elementor-size-default\">Tantrisch-somatisches Retreat<\/h1>\t\t\t\t<\/div>\n\t\t\t\t<\/div>\n\t\t\t\t\t<\/div>\n\t\t\t\t<\/div>\n\t\t\t\t<\/div>\n\t\t<div class=\"elementor-element elementor-element-500861b e-flex e-con-boxed e-con e-parent\" data-id=\"500861b\" data-element_type=\"container\" data-e-type=\"container\" data-settings=\"{&quot;background_background&quot;:&quot;classic&quot;}\">\n\t\t\t\t\t<div class=\"e-con-inner\">\n\t\t<div class=\"elementor-element elementor-element-7dbc6fb e-con-full e-flex e-con e-child\" data-id=\"7dbc6fb\" data-element_type=\"container\" data-e-type=\"container\">\n\t\t\t\t<div class=\"elementor-element elementor-element-e828e39 elementor-widget elementor-widget-image\" data-id=\"e828e39\" data-element_type=\"widget\" data-e-type=\"widget\" data-widget_type=\"image.default\">\n\t\t\t\t<div class=\"elementor-widget-container\">\n\t\t\t\t\t\t\t\t\t\t\t\t\t\t\t<img fetchpriority=\"high\" decoding=\"async\" width=\"2466\" height=\"207\" src=\"https:\/\/oasisofbeing.at\/wp-content\/uploads\/2024\/02\/lligne-gold.png\" class=\"attachment-full size-full wp-image-3503\" alt=\"\" srcset=\"https:\/\/oasisofbeing.at\/wp-content\/uploads\/2024\/02\/lligne-gold.png 2466w, https:\/\/oasisofbeing.at\/wp-content\/uploads\/2024\/02\/lligne-gold-300x25.png 300w, https:\/\/oasisofbeing.at\/wp-content\/uploads\/2024\/02\/lligne-gold-1024x86.png 1024w, https:\/\/oasisofbeing.at\/wp-content\/uploads\/2024\/02\/lligne-gold-768x64.png 768w, https:\/\/oasisofbeing.at\/wp-content\/uploads\/2024\/02\/lligne-gold-1536x129.png 1536w, https:\/\/oasisofbeing.at\/wp-content\/uploads\/2024\/02\/lligne-gold-2048x172.png 2048w\" sizes=\"(max-width: 2466px) 100vw, 2466px\" \/>\t\t\t\t\t\t\t\t\t\t\t\t\t\t\t<\/div>\n\t\t\t\t<\/div>\n\t\t\t\t<\/div>\n\t\t\t\t\t<\/div>\n\t\t\t\t<\/div>\n\t\t<div class=\"elementor-element elementor-element-ca622a2 e-flex e-con-boxed e-con e-parent\" data-id=\"ca622a2\" data-element_type=\"container\" data-e-type=\"container\">\n\t\t\t\t\t<div class=\"e-con-inner\">\n\t\t\t\t<div class=\"elementor-element elementor-element-3c72ba6 elementor-widget elementor-widget-ucaddon_event_box\" data-id=\"3c72ba6\" data-element_type=\"widget\" data-e-type=\"widget\" data-widget_type=\"ucaddon_event_box.default\">\n\t\t\t\t<div class=\"elementor-widget-container\">\n\t\t\t\t\t\n<!-- start Event Box -->\n\t\t<link id='font-awesome-css' href='https:\/\/oasisofbeing.at\/wp-content\/plugins\/unlimited-elements-for-elementor\/assets_libraries\/font-awesome6\/fontawesome-all.min.css' type='text\/css' rel='stylesheet' >\n\t\t<link id='font-awesome-4-shim-css' href='https:\/\/oasisofbeing.at\/wp-content\/plugins\/unlimited-elements-for-elementor\/assets_libraries\/font-awesome6\/fontawesome-v4-shims.min.css' type='text\/css' rel='stylesheet' >\n\n<style>\/* widget: Event Box *\/\n\n#uc_event_box_elementor_3c72ba6 * { \n\tbox-sizing: border-box; \n}\n\n#uc_event_box_elementor_3c72ba6, \n#uc_event_box_elementor_3c72ba6 ._blox_event_box\n{\n  overflow:hidden;\n}\n\n#uc_event_box_elementor_3c72ba6 img{ \n  width:100%;\n} \n\n#uc_event_box_elementor_3c72ba6 ._blox_event_box ._blox_image_box{\n\tposition:relative;\n}\n#uc_event_box_elementor_3c72ba6 ._blox_event_box ._blox_image_box img{\n\twidth:100%;\n\tdisplay:block;\n    object-fit: cover;\n}\n\n#uc_event_box_elementor_3c72ba6 ._blox_event_box ._blox_image_box a\n{\n  display:block;\n}\n#uc_event_box_elementor_3c72ba6 ._blox_date_box{\n\n\tdisplay:flex;\n    flex-direction:column;\n    text-align:center;\n    position:relative;\n    z-index:1;\n    overflow:hidden;\n}\n._blox_date{\n\tfont-size:32px;\n}\n\n._blox_paragraph\n{\n  font-size:21px;\n}\n#uc_event_box_elementor_3c72ba6 a._blox_book_now{\n\ttext-align:center;\n\ttext-decoration:none;\n    transition:0.3s;\n}\n#uc_event_box_elementor_3c72ba6 .ue_event_box_overlay\n{\n  position:absolute;\n  top:0;\n  left:0;\n  right:0;\n  bottom:0;\n  display:flex;\n}\n\n#uc_event_box_elementor_3c72ba6 .ue_list_row\n{\n  display:flex;\n  align-items: center; \n}\n\n#uc_event_box_elementor_3c72ba6 .ue_list_row_icon\n{\n  flex-grow:0;\n  flex-shrink:0;\n}\n\n#uc_event_box_elementor_3c72ba6 .ue_list_row_spacing\n{\n  flex-grow:0;\n  flex-shrink:0;\n}\n\n#uc_event_box_elementor_3c72ba6 .ue_list_row_icon svg\n{\n  width:1em;\n  height:1em;\n}\n\n\n\n#uc_event_box_elementor_3c72ba6 .ue_badge\n{\n  position: absolute;\n    top: 16px;\n    right: -70px;transform: rotate(45deg);\t\n        padding: 5px 0px;\n    width: 200px;\n    text-align: center;\n    box-sizing: border-box;\n    z-index:2;\n}\n\n.ue_badge\n{\n  font-size:10px;\n  line-height:1em;\n}\n\n#uc_event_box_elementor_3c72ba6 .ue-content{\n\tposition: relative;\n}\n\n\n#uc_event_box_elementor_3c72ba6 .ue_event_box_footer\n{\n  width:100%;\n}\n\n<\/style>\n\n<div class=\"_blox_clean_event_box\" id=\"uc_event_box_elementor_3c72ba6\">\n        <div class=\"_blox_event_box\" style=\"\">\n          \n            <a href=\"#\" >          <div class=\"_blox_image_box\">\n              \n              \t            \t\t<img decoding=\"async\" src=\"https:\/\/oasisofbeing.at\/wp-content\/uploads\/2024\/02\/Festivals-1.jpg\" alt=\"Festivals (1)\"  src=\"https:\/\/oasisofbeing.at\/wp-content\/uploads\/2024\/02\/Festivals-1.jpg\" alt=\"Festivals (1)\" width=\"1200\" height=\"859\">\n            \t\t\n              \n              \t\n              \n                <div class=\"ue_event_box_overlay\">\n                  \n                                        <div class=\"_blox_date_box\">\n                        <div class=\"_blox_date\">2<\/div>\n                        <div class=\"_blox_month\">Juni<\/div>\n                     <\/div>  \n                  \t\n                  \n                  \t\n\n                \n                <\/div>\n            <\/div>\n            <\/a>          \n          \n          <div class=\"ue-content\">\n          \n                        \n            <div class=\"_blox_content_box\">\n            \t<div class=\"_blox_paragraph\">TANTRISCHES SOMATISCHES RETREAT<\/div>                <div class=\"_blox_text\"><p> <\/p><p class=\"p1\"><strong>Eine intime Gruppe<\/strong><\/p><p class=\"p2\">Diese Veranstaltung ist auf maximal 5 Paare begrenzt.<\/p><p class=\"p2\">Um unsere individuellen und kollektiven Erfahrungen zu vertiefen, m\u00f6chten wir eine pers\u00f6nliche Beziehung zu jedem Einzelnen aufbauen. Die Gr\u00f6\u00dfe der Gruppe erleichtert es uns, das Vertrauen und die Sicherheit zu finden, um verletzlicher und offener f\u00fcr unsere innere Realit\u00e4t zu sein.<\/p><p> <\/p><p class=\"p1\"><strong>Dieses Retreat zielt darauf ab:<\/strong><\/p><ul class=\"ul1\"><li class=\"li4\">Vertiefung unserer Intimit\u00e4t durch mitf\u00fchlendes Wahrnehmen.<\/li><li class=\"li4\">Erforschen einer sensiblen Ber\u00fchrung f\u00fcr eine tiefere Verbindung.<\/li><li class=\"li4\">\u00dcber Erwartungen und Automatismen hinausgehen.<\/li><li class=\"li4\">Sich unserer sch\u00fctzenden unterbewussten Muster bewusst zu sein, die Trennung erzeugen.<\/li><li class=\"li4\">Authentische und direkte Kommunikation, die zum Ausdruck bringt, wer wir sind, ohne Kritik, Urteil oder Vergleich.<\/li><li class=\"li4\">Zuh\u00f6ren, um unseren Partner so zu akzeptieren, wie er ist, jenseits dessen, was wir uns w\u00fcnschen oder erhoffen.<\/li><\/ul><p class=\"p1\"><strong>W\u00e4hrend des R\u00fcckzugs<\/strong><\/p><ul><li class=\"p2\">Am ersten und zweiten Tag werden wir jedes Paar einzeln treffen.<\/li><li class=\"p2\">Wir werden jeden Tag Kundalini Yoga Kriyas und Meditationen praktizieren, um unsere Sensibilit\u00e4t und Wahrnehmung zu \u00f6ffnen. Wir werden auch Venus Kriyas (spezielle Paar-Meditation) praktizieren, um das Feld der intimen Beziehung zu stimulieren.<\/li><li class=\"p2\">Wir werden die somatische Ber\u00fchrung, Bewegungen und den Tanz nutzen, um unsere Beziehungen auf unerwartete und originelle Weise zu erforschen.<\/li><li class=\"p2\">Wir werden die Dynamik der Polarit\u00e4ten durch Zahlen und yogische Lehren erforschen.<\/li><li class=\"p2\">Wir werden regelm\u00e4\u00dfig Gespr\u00e4chskreise und Fragerunden abhalten.<\/li><\/ul><p style=\"font-weight: 400;\"><strong>Zeitplan<\/strong><\/p><p style=\"font-weight: 400;\">An Tag 1 beginnen wir um 18:00 Uhr mit dem Abendessen. Am letzten Tag enden wir um 8\/9:00 Uhr mit dem Fr\u00fchst\u00fcck. <\/p><p style=\"font-weight: 400;\"><u>Andere Tage<\/u>:<\/p><p style=\"font-weight: 400;\">Morgentraining (5:00 bis 7:00),<\/p><p style=\"font-weight: 400;\">Fr\u00fchst\u00fcck gegen 7:30, Vormittagssitzung (10:30 bis 13:00),<\/p><p style=\"font-weight: 400;\">Mittagessen gegen 13:00 Uhr,<\/p><p style=\"font-weight: 400;\">Nachmittagssitzung (16:00 bis 19:00).<\/p><p style=\"font-weight: 400;\">Abends freies oder leichtes Programm.<\/p><p><span style=\"text-decoration: underline;\">Seva<\/span>: W\u00e4hrend des Retreats sind Sie eingeladen, sich am Gemeinschaftsleben zu beteiligen, indem Sie Ihre Zeit und Energie einbringen (ca. 30 Minuten pro Tag: Gem\u00fcse schneiden, Gemeinschaftsr\u00e4ume reinigen, Geschirr sp\u00fclen usw.).<\/p><p><strong>40 Tage Vorbereitung<\/strong>: 11 Minuten Meditation mit Ihrem Partner.<\/p><p> <\/p><p class=\"p1\"><strong>Ihre Moderatoren &amp; Leiter<\/strong><\/p><p class=\"p2\">Sat Sarbat &amp; Satmukh arbeiten seit 2010 zusammen und sind seit 2012 verheiratet. Sie haben ihre Beziehung in verschiedenen Kontexten und Kulturen erlebt, sowohl beruflich als auch privat. Beide sind bereits seit vielen Jahren Kundalini Yoga-Trainer und haben vor kurzem eine Ausbildung zum Somatic Coach absolviert. Sat Sarbat ist auch in Hypnotherapie ausgebildet.<\/p><p> <\/p><p><strong>Kosten<\/strong><br><strong>788\u20ac<\/strong> pro Teilnehmer (vor dem 1. April)<\/p><p>&amp;<br><strong>888\u20ac<\/strong> pro Teilnehmer (nach dem 1. April)<\/p><p><em>Beinhaltet die Lektionen,<br>Bio- und vegetarisches Essen (vom Abendessen am 2. Juni bis zum Fr\u00fchst\u00fcck am 7. Juni)<br>und die Unterbringung in einem Einzel- oder Mehrbettzimmer (maximal 2 Paare pro Zimmer) f\u00fcr 4 N\u00e4chte.<\/em><\/p><p> <\/p><\/div>                <div class=\"ue_container_list\">\n                  <div class=\"ue_list_row\">\n  <div class=\"ue_list_row_icon\"><i class='fas fa-location-arrow'><\/i><\/div>\n  <div class=\"ue_list_row_spacing\"><\/div>\n  <div class=\"ue_list_row_text\">Oase des Seins<\/div>\n  <\/div>\n<div class=\"ue_list_row\">\n  <div class=\"ue_list_row_icon\"><i class='far fa-calendar-check'><\/i><\/div>\n  <div class=\"ue_list_row_spacing\"><\/div>\n  <div class=\"ue_list_row_text\">2 - 7 Juni 2026<\/div>\n  <\/div>\n<div class=\"ue_list_row\">\n  <div class=\"ue_list_row_icon\"><i class='fas fa-language'><\/i><\/div>\n  <div class=\"ue_list_row_spacing\"><\/div>\n  <div class=\"ue_list_row_text\">Englisch<\/div>\n  <\/div>\n\n                <\/div>\n            <\/div>\n          \n          \n        \n                   \n         <\/div>\n          <\/div>\n        \n  \n    <\/div>\n<!-- end Event Box -->\t\t\t\t<\/div>\n\t\t\t\t<\/div>\n\t\t\t\t<div class=\"elementor-element elementor-element-055d5d2 elementor-align-center elementor-widget__width-initial elementor-widget elementor-widget-button\" data-id=\"055d5d2\" data-element_type=\"widget\" data-e-type=\"widget\" data-widget_type=\"button.default\">\n\t\t\t\t<div class=\"elementor-widget-container\">\n\t\t\t\t\t\t\t\t\t<div class=\"elementor-button-wrapper\">\n\t\t\t\t\t<a class=\"elementor-button elementor-button-link elementor-size-sm elementor-animation-grow\" href=\"https:\/\/buy.stripe.com\/cNi14nbmz3TS1j40Yp8Ra00\">\n\t\t\t\t\t\t<span class=\"elementor-button-content-wrapper\">\n\t\t\t\t\t\t\t\t\t<span class=\"elementor-button-text\">ANMELDEN &amp; EINZAHLEN<\/span>\n\t\t\t\t\t<\/span>\n\t\t\t\t\t<\/a>\n\t\t\t\t<\/div>\n\t\t\t\t\t\t\t\t<\/div>\n\t\t\t\t<\/div>\n\t\t\t\t<div class=\"elementor-element elementor-element-4ac9dba elementor-align-center elementor-widget__width-initial elementor-widget elementor-widget-button\" data-id=\"4ac9dba\" data-element_type=\"widget\" data-e-type=\"widget\" data-widget_type=\"button.default\">\n\t\t\t\t<div class=\"elementor-widget-container\">\n\t\t\t\t\t\t\t\t\t<div class=\"elementor-button-wrapper\">\n\t\t\t\t\t<a class=\"elementor-button elementor-button-link elementor-size-sm elementor-animation-grow\" href=\"https:\/\/buy.stripe.com\/bJeeVd62f9ec7HsePf8Ra02\">\n\t\t\t\t\t\t<span class=\"elementor-button-content-wrapper\">\n\t\t\t\t\t\t\t\t\t<span class=\"elementor-button-text\">RESTZAHLUNG vor dem 1. April<\/span>\n\t\t\t\t\t<\/span>\n\t\t\t\t\t<\/a>\n\t\t\t\t<\/div>\n\t\t\t\t\t\t\t\t<\/div>\n\t\t\t\t<\/div>\n\t\t\t\t<div class=\"elementor-element elementor-element-6acec0e elementor-align-center elementor-widget__width-initial elementor-widget elementor-widget-button\" data-id=\"6acec0e\" data-element_type=\"widget\" data-e-type=\"widget\" data-widget_type=\"button.default\">\n\t\t\t\t<div class=\"elementor-widget-container\">\n\t\t\t\t\t\t\t\t\t<div class=\"elementor-button-wrapper\">\n\t\t\t\t\t<a class=\"elementor-button elementor-button-link elementor-size-sm elementor-animation-grow\" href=\"https:\/\/buy.stripe.com\/4gMbJ176jfCAgdY6iJ8Ra03\">\n\t\t\t\t\t\t<span class=\"elementor-button-content-wrapper\">\n\t\t\t\t\t\t\t\t\t<span class=\"elementor-button-text\">RESTZAHLUNG nach dem 1. April<\/span>\n\t\t\t\t\t<\/span>\n\t\t\t\t\t<\/a>\n\t\t\t\t<\/div>\n\t\t\t\t\t\t\t\t<\/div>\n\t\t\t\t<\/div>\n\t\t\t\t\t<\/div>\n\t\t\t\t<\/div>\n\t\t\t\t<\/div>\n\t\t","protected":false},"excerpt":{"rendered":"<p>Tantrisch-somatisches Retreat 2 Juni TANTRISCHES SOMATISCHES RETREAT Eine intime Gruppe Diese Veranstaltung ist auf maximal 5 Paare begrenzt. Um unsere individuellen und kollektiven Erfahrungen zu vertiefen, m\u00f6chten wir eine pers\u00f6nliche Beziehung zu jedem Einzelnen aufbauen. Die Gr\u00f6\u00dfe der Gruppe erleichtert es uns, das Vertrauen und die Sicherheit zu finden, um verletzlicher und offener f\u00fcr unsere [&hellip;]<\/p>\n","protected":false},"author":4,"featured_media":0,"parent":0,"menu_order":0,"comment_status":"closed","ping_status":"closed","template":"","meta":{"_eb_attr":"","site-sidebar-layout":"no-sidebar","site-content-layout":"page-builder","ast-site-content-layout":"full-width-container","site-content-style":"unboxed","site-sidebar-style":"unboxed","ast-global-header-display":"","ast-banner-title-visibility":"","ast-main-header-display":"","ast-hfb-above-header-display":"","ast-hfb-below-header-display":"","ast-hfb-mobile-header-display":"","site-post-title":"disabled","ast-breadcrumbs-content":"","ast-featured-img":"disabled","footer-sml-layout":"","ast-disable-related-posts":"","theme-transparent-header-meta":"enabled","adv-header-id-meta":"","stick-header-meta":"","header-above-stick-meta":"","header-main-stick-meta":"","header-below-stick-meta":"","astra-migrate-meta-layouts":"default","ast-page-background-enabled":"default","ast-page-background-meta":{"desktop":{"background-color":"var(--ast-global-color-4)","background-image":"","background-repeat":"repeat","background-position":"center center","background-size":"auto","background-attachment":"scroll","background-type":"","background-media":"","overlay-type":"","overlay-color":"","overlay-opacity":"","overlay-gradient":""},"tablet":{"background-color":"","background-image":"","background-repeat":"repeat","background-position":"center center","background-size":"auto","background-attachment":"scroll","background-type":"","background-media":"","overlay-type":"","overlay-color":"","overlay-opacity":"","overlay-gradient":""},"mobile":{"background-color":"","background-image":"","background-repeat":"repeat","background-position":"center center","background-size":"auto","background-attachment":"scroll","background-type":"","background-media":"","overlay-type":"","overlay-color":"","overlay-opacity":"","overlay-gradient":""}},"ast-content-background-meta":{"desktop":{"background-color":"var(--ast-global-color-5)","background-image":"","background-repeat":"repeat","background-position":"center center","background-size":"auto","background-attachment":"scroll","background-type":"","background-media":"","overlay-type":"","overlay-color":"","overlay-opacity":"","overlay-gradient":""},"tablet":{"background-color":"var(--ast-global-color-5)","background-image":"","background-repeat":"repeat","background-position":"center center","background-size":"auto","background-attachment":"scroll","background-type":"","background-media":"","overlay-type":"","overlay-color":"","overlay-opacity":"","overlay-gradient":""},"mobile":{"background-color":"var(--ast-global-color-5)","background-image":"","background-repeat":"repeat","background-position":"center center","background-size":"auto","background-attachment":"scroll","background-type":"","background-media":"","overlay-type":"","overlay-color":"","overlay-opacity":"","overlay-gradient":""}},"footnotes":""},"class_list":["post-3589","page","type-page","status-publish","hentry"],"_links":{"self":[{"href":"https:\/\/oasisofbeing.at\/de\/wp-json\/wp\/v2\/pages\/3589","targetHints":{"allow":["GET"]}}],"collection":[{"href":"https:\/\/oasisofbeing.at\/de\/wp-json\/wp\/v2\/pages"}],"about":[{"href":"https:\/\/oasisofbeing.at\/de\/wp-json\/wp\/v2\/types\/page"}],"author":[{"embeddable":true,"href":"https:\/\/oasisofbeing.at\/de\/wp-json\/wp\/v2\/users\/4"}],"replies":[{"embeddable":true,"href":"https:\/\/oasisofbeing.at\/de\/wp-json\/wp\/v2\/comments?post=3589"}],"version-history":[{"count":27,"href":"https:\/\/oasisofbeing.at\/de\/wp-json\/wp\/v2\/pages\/3589\/revisions"}],"predecessor-version":[{"id":4756,"href":"https:\/\/oasisofbeing.at\/de\/wp-json\/wp\/v2\/pages\/3589\/revisions\/4756"}],"wp:attachment":[{"href":"https:\/\/oasisofbeing.at\/de\/wp-json\/wp\/v2\/media?parent=3589"}],"curies":[{"name":"wp","href":"https:\/\/api.w.org\/{rel}","templated":true}]}}