{"id":3910,"date":"2024-09-06T14:31:29","date_gmt":"2024-09-06T14:31:29","guid":{"rendered":"https:\/\/oasisofbeing.at\/somatisches-festival\/"},"modified":"2024-09-09T11:43:11","modified_gmt":"2024-09-09T11:43:11","slug":"somatisches-festival","status":"publish","type":"page","link":"https:\/\/oasisofbeing.at\/de\/somatisches-festival\/","title":{"rendered":"Somatisches Festival"},"content":{"rendered":"\t\t<div data-elementor-type=\"wp-page\" data-elementor-id=\"3910\" class=\"elementor elementor-3910 elementor-3900\">\n\t\t\t\t<div class=\"elementor-element elementor-element-dcfb448 e-con-full e-flex e-con e-parent\" data-id=\"dcfb448\" data-element_type=\"container\" data-e-type=\"container\" data-settings=\"{&quot;background_background&quot;:&quot;classic&quot;}\">\n\t\t<div class=\"elementor-element elementor-element-d21b7e0 e-flex e-con-boxed e-con e-child\" data-id=\"d21b7e0\" data-element_type=\"container\" data-e-type=\"container\">\n\t\t\t\t\t<div class=\"e-con-inner\">\n\t\t\t\t<div class=\"elementor-element elementor-element-e9fd9dc elementor-invisible elementor-widget elementor-widget-heading\" data-id=\"e9fd9dc\" data-element_type=\"widget\" data-e-type=\"widget\" data-settings=\"{&quot;_animation&quot;:&quot;fadeIn&quot;}\" data-widget_type=\"heading.default\">\n\t\t\t\t<div class=\"elementor-widget-container\">\n\t\t\t\t\t<h1 class=\"elementor-heading-title elementor-size-default\">Somatisches Festival<\/h1>\t\t\t\t<\/div>\n\t\t\t\t<\/div>\n\t\t\t\t\t<\/div>\n\t\t\t\t<\/div>\n\t\t\t\t<\/div>\n\t\t<div class=\"elementor-element elementor-element-500861b e-flex e-con-boxed e-con e-parent\" data-id=\"500861b\" data-element_type=\"container\" data-e-type=\"container\" data-settings=\"{&quot;background_background&quot;:&quot;classic&quot;}\">\n\t\t\t\t\t<div class=\"e-con-inner\">\n\t\t<div class=\"elementor-element elementor-element-7dbc6fb e-con-full e-flex e-con e-child\" data-id=\"7dbc6fb\" data-element_type=\"container\" data-e-type=\"container\">\n\t\t\t\t<div class=\"elementor-element elementor-element-6bea656 elementor-invisible elementor-widget elementor-widget-text-editor\" data-id=\"6bea656\" data-element_type=\"widget\" data-e-type=\"widget\" data-settings=\"{&quot;_animation&quot;:&quot;fadeInLeft&quot;}\" data-widget_type=\"text-editor.default\">\n\t\t\t\t<div class=\"elementor-widget-container\">\n\t\t\t\t\t\t\t\t\t<p style=\"text-align: center;\"><em>Nur f\u00fcr Mitglieder<\/em><\/p>\n\t\t\t\t\t\t\t\t<\/div>\n\t\t\t\t<\/div>\n\t\t\t\t<div class=\"elementor-element elementor-element-acab228 elementor-widget elementor-widget-heading\" data-id=\"acab228\" data-element_type=\"widget\" data-e-type=\"widget\" data-widget_type=\"heading.default\">\n\t\t\t\t<div class=\"elementor-widget-container\">\n\t\t\t\t\t<h4 class=\"elementor-heading-title elementor-size-default\">Als Mitglied kannst du je nach Verf\u00fcgbarkeit f\u00fcr unterschiedliche Zeitr\u00e4ume in der Oasis of Being wohnen. Wenn du dem L\u00e4rm und der Aufregung der Gesellschaft entfliehen und f\u00fcr dich sein willst, ist Oasis of Being ein idealer Ort.  <\/h4>\t\t\t\t<\/div>\n\t\t\t\t<\/div>\n\t\t\t\t<div class=\"elementor-element elementor-element-e828e39 elementor-widget elementor-widget-image\" data-id=\"e828e39\" data-element_type=\"widget\" data-e-type=\"widget\" data-widget_type=\"image.default\">\n\t\t\t\t<div class=\"elementor-widget-container\">\n\t\t\t\t\t\t\t\t\t\t\t\t\t\t\t<img fetchpriority=\"high\" decoding=\"async\" width=\"2466\" height=\"207\" src=\"https:\/\/oasisofbeing.at\/wp-content\/uploads\/2024\/02\/lligne-gold.png\" class=\"attachment-full size-full wp-image-3503\" alt=\"\" srcset=\"https:\/\/oasisofbeing.at\/wp-content\/uploads\/2024\/02\/lligne-gold.png 2466w, https:\/\/oasisofbeing.at\/wp-content\/uploads\/2024\/02\/lligne-gold-300x25.png 300w, https:\/\/oasisofbeing.at\/wp-content\/uploads\/2024\/02\/lligne-gold-1024x86.png 1024w, https:\/\/oasisofbeing.at\/wp-content\/uploads\/2024\/02\/lligne-gold-768x64.png 768w, https:\/\/oasisofbeing.at\/wp-content\/uploads\/2024\/02\/lligne-gold-1536x129.png 1536w, https:\/\/oasisofbeing.at\/wp-content\/uploads\/2024\/02\/lligne-gold-2048x172.png 2048w\" sizes=\"(max-width: 2466px) 100vw, 2466px\" \/>\t\t\t\t\t\t\t\t\t\t\t\t\t\t\t<\/div>\n\t\t\t\t<\/div>\n\t\t\t\t<\/div>\n\t\t\t\t\t<\/div>\n\t\t\t\t<\/div>\n\t\t<div class=\"elementor-element elementor-element-ca622a2 e-flex e-con-boxed e-con e-parent\" data-id=\"ca622a2\" data-element_type=\"container\" data-e-type=\"container\">\n\t\t\t\t\t<div class=\"e-con-inner\">\n\t\t\t\t<div class=\"elementor-element elementor-element-3c72ba6 elementor-widget elementor-widget-ucaddon_event_box\" data-id=\"3c72ba6\" data-element_type=\"widget\" data-e-type=\"widget\" data-widget_type=\"ucaddon_event_box.default\">\n\t\t\t\t<div class=\"elementor-widget-container\">\n\t\t\t\t\t\n<!-- start Event Box -->\n\t\t<link id='font-awesome-css' href='https:\/\/oasisofbeing.at\/wp-content\/plugins\/unlimited-elements-for-elementor\/assets_libraries\/font-awesome6\/fontawesome-all.min.css' type='text\/css' rel='stylesheet' >\n\t\t<link id='font-awesome-4-shim-css' href='https:\/\/oasisofbeing.at\/wp-content\/plugins\/unlimited-elements-for-elementor\/assets_libraries\/font-awesome6\/fontawesome-v4-shims.min.css' type='text\/css' rel='stylesheet' >\n\n<style>\/* widget: Event Box *\/\n\n#uc_event_box_elementor_3c72ba6 * { \n\tbox-sizing: border-box; \n}\n\n#uc_event_box_elementor_3c72ba6, \n#uc_event_box_elementor_3c72ba6 ._blox_event_box\n{\n  overflow:hidden;\n}\n\n#uc_event_box_elementor_3c72ba6 img{ \n  width:100%;\n} \n\n#uc_event_box_elementor_3c72ba6 ._blox_event_box ._blox_image_box{\n\tposition:relative;\n}\n#uc_event_box_elementor_3c72ba6 ._blox_event_box ._blox_image_box img{\n\twidth:100%;\n\tdisplay:block;\n    object-fit: cover;\n}\n\n#uc_event_box_elementor_3c72ba6 ._blox_event_box ._blox_image_box a\n{\n  display:block;\n}\n#uc_event_box_elementor_3c72ba6 ._blox_date_box{\n\n\tdisplay:flex;\n    flex-direction:column;\n    text-align:center;\n    position:relative;\n    z-index:1;\n    overflow:hidden;\n}\n._blox_date{\n\tfont-size:32px;\n}\n\n._blox_paragraph\n{\n  font-size:21px;\n}\n#uc_event_box_elementor_3c72ba6 a._blox_book_now{\n\ttext-align:center;\n\ttext-decoration:none;\n    transition:0.3s;\n}\n#uc_event_box_elementor_3c72ba6 .ue_event_box_overlay\n{\n  position:absolute;\n  top:0;\n  left:0;\n  right:0;\n  bottom:0;\n  display:flex;\n}\n\n#uc_event_box_elementor_3c72ba6 .ue_list_row\n{\n  display:flex;\n  align-items: center; \n}\n\n#uc_event_box_elementor_3c72ba6 .ue_list_row_icon\n{\n  flex-grow:0;\n  flex-shrink:0;\n}\n\n#uc_event_box_elementor_3c72ba6 .ue_list_row_spacing\n{\n  flex-grow:0;\n  flex-shrink:0;\n}\n\n#uc_event_box_elementor_3c72ba6 .ue_list_row_icon svg\n{\n  width:1em;\n  height:1em;\n}\n\n\n\n#uc_event_box_elementor_3c72ba6 .ue_badge\n{\n  position: absolute;\n    top: 16px;\n    right: -70px;transform: rotate(45deg);\t\n        padding: 5px 0px;\n    width: 200px;\n    text-align: center;\n    box-sizing: border-box;\n    z-index:2;\n}\n\n.ue_badge\n{\n  font-size:10px;\n  line-height:1em;\n}\n\n#uc_event_box_elementor_3c72ba6 .ue-content{\n\tposition: relative;\n}\n\n\n#uc_event_box_elementor_3c72ba6 .ue_event_box_footer\n{\n  width:100%;\n}\n\n<\/style>\n\n<div class=\"_blox_clean_event_box\" id=\"uc_event_box_elementor_3c72ba6\">\n        <div class=\"_blox_event_box\" style=\"\">\n          \n            <a href=\"#\" >          <div class=\"_blox_image_box\">\n              \n              \t            \t\t<img decoding=\"async\" src=\"https:\/\/oasisofbeing.at\/wp-content\/uploads\/2024\/02\/Festivals-1.jpg\" alt=\"Festivals (1)\"  src=\"https:\/\/oasisofbeing.at\/wp-content\/uploads\/2024\/02\/Festivals-1.jpg\" alt=\"Festivals (1)\" width=\"1200\" height=\"859\">\n            \t\t\n              \n              \t\n              \n                <div class=\"ue_event_box_overlay\">\n                  \n                                        <div class=\"_blox_date_box\">\n                        <div class=\"_blox_date\">18<\/div>\n                        <div class=\"_blox_month\">Sept.<\/div>\n                     <\/div>  \n                  \t\n                  \n                  \t\n\n                \n                <\/div>\n            <\/div>\n            <\/a>          \n          \n          <div class=\"ue-content\">\n          \n                        \n            <div class=\"_blox_content_box\">\n            \t<div class=\"_blox_paragraph\">SOMATISCHES FESTIVAL<\/div>                <div class=\"_blox_text\"><p class=\"p1\"><strong>Dieses Festival zielt darauf ab:<\/strong><\/p><ul class=\"ul1\"><li>Den somatischen Tanz und die Bewegung teilen.<\/li><li>Erfahre eine tiefere Verbindung zu deinen K\u00f6rperempfindungen und den damit verbundenen Emotionen.<\/li><li>Dein Nervensystem, das sich zu oft in einem Verteidigungs- oder \u00dcberlebensmodus befindet, wieder in Gang bringen.<\/li><li>Entspanne dich in dem, was du bist, ohne die Notwendigkeit und den Stress, jemand anderes zu sein.<\/li><\/ul><p class=\"p1\"><strong>Deine Lehrer:<\/strong><\/p><p><a href=\"https:\/\/www.somatic-training.com\/dieter-rehberg.html\">Dieter<\/a>, Julia, <a href=\"https:\/\/oasisofbeing.at\/de\/ihre-gastgeber\/\">Sat Sarbat,<\/a> <a href=\"https:\/\/oasisofbeing.at\/de\/ihre-gastgeber\/\">Satmukh, ...<\/a><\/p><p>\u00a0<\/p><p class=\"p1\"><strong>Zeitplan:<\/strong><\/p><p class=\"p2\">TBD.<\/p><p class=\"p2\">Abends freies oder leichtes Programm.<\/p><\/div>                <div class=\"ue_container_list\">\n                  <div class=\"ue_list_row\">\n  <div class=\"ue_list_row_icon\"><i class='fas fa-location-arrow'><\/i><\/div>\n  <div class=\"ue_list_row_spacing\"><\/div>\n  <div class=\"ue_list_row_text\">Oase des Seins<\/div>\n  <\/div>\n<div class=\"ue_list_row\">\n  <div class=\"ue_list_row_icon\"><i class='far fa-calendar-check'><\/i><\/div>\n  <div class=\"ue_list_row_spacing\"><\/div>\n  <div class=\"ue_list_row_text\">18-21 September 2025<\/div>\n  <\/div>\n<div class=\"ue_list_row\">\n  <div class=\"ue_list_row_icon\"><i class='fas fa-language'><\/i><\/div>\n  <div class=\"ue_list_row_spacing\"><\/div>\n  <div class=\"ue_list_row_text\">ENG &amp; DE<\/div>\n  <\/div>\n\n                <\/div>\n            <\/div>\n          \n          \n        \n                   \n         <\/div>\n          <\/div>\n        \n  \n    <\/div>\n<!-- end Event Box -->\t\t\t\t<\/div>\n\t\t\t\t<\/div>\n\t\t\t\t<div class=\"elementor-element elementor-element-055d5d2 elementor-align-center elementor-widget elementor-widget-button\" data-id=\"055d5d2\" data-element_type=\"widget\" data-e-type=\"widget\" data-widget_type=\"button.default\">\n\t\t\t\t<div class=\"elementor-widget-container\">\n\t\t\t\t\t\t\t\t\t<div class=\"elementor-button-wrapper\">\n\t\t\t\t\t<a class=\"elementor-button elementor-button-link elementor-size-sm elementor-animation-grow\" href=\"mailto:oasisofbeing@gmail.com\">\n\t\t\t\t\t\t<span class=\"elementor-button-content-wrapper\">\n\t\t\t\t\t\t\t\t\t<span class=\"elementor-button-text\">Hier anmelden<\/span>\n\t\t\t\t\t<\/span>\n\t\t\t\t\t<\/a>\n\t\t\t\t<\/div>\n\t\t\t\t\t\t\t\t<\/div>\n\t\t\t\t<\/div>\n\t\t\t\t\t<\/div>\n\t\t\t\t<\/div>\n\t\t\t\t<\/div>\n\t\t","protected":false},"excerpt":{"rendered":"<p>Somatisches Festival Nur f\u00fcr Mitglieder Als Mitglied kannst du je nach Verf\u00fcgbarkeit f\u00fcr unterschiedliche Zeitr\u00e4ume in der Oasis of Being wohnen. Wenn du dem L\u00e4rm und der Aufregung der Gesellschaft entfliehen und f\u00fcr dich sein willst, ist Oasis of Being ein idealer Ort. 18 Sept. SOMATISCHES FESTIVAL Dieses Festival zielt darauf ab: Den somatischen Tanz [&hellip;]<\/p>\n","protected":false},"author":4,"featured_media":0,"parent":0,"menu_order":0,"comment_status":"closed","ping_status":"closed","template":"","meta":{"_eb_attr":"","site-sidebar-layout":"no-sidebar","site-content-layout":"page-builder","ast-site-content-layout":"full-width-container","site-content-style":"unboxed","site-sidebar-style":"unboxed","ast-global-header-display":"","ast-banner-title-visibility":"","ast-main-header-display":"","ast-hfb-above-header-display":"","ast-hfb-below-header-display":"","ast-hfb-mobile-header-display":"","site-post-title":"disabled","ast-breadcrumbs-content":"","ast-featured-img":"disabled","footer-sml-layout":"","ast-disable-related-posts":"","theme-transparent-header-meta":"enabled","adv-header-id-meta":"","stick-header-meta":"","header-above-stick-meta":"","header-main-stick-meta":"","header-below-stick-meta":"","astra-migrate-meta-layouts":"default","ast-page-background-enabled":"default","ast-page-background-meta":{"desktop":{"background-color":"var(--ast-global-color-4)","background-image":"","background-repeat":"repeat","background-position":"center center","background-size":"auto","background-attachment":"scroll","background-type":"","background-media":"","overlay-type":"","overlay-color":"","overlay-opacity":"","overlay-gradient":""},"tablet":{"background-color":"","background-image":"","background-repeat":"repeat","background-position":"center center","background-size":"auto","background-attachment":"scroll","background-type":"","background-media":"","overlay-type":"","overlay-color":"","overlay-opacity":"","overlay-gradient":""},"mobile":{"background-color":"","background-image":"","background-repeat":"repeat","background-position":"center center","background-size":"auto","background-attachment":"scroll","background-type":"","background-media":"","overlay-type":"","overlay-color":"","overlay-opacity":"","overlay-gradient":""}},"ast-content-background-meta":{"desktop":{"background-color":"var(--ast-global-color-5)","background-image":"","background-repeat":"repeat","background-position":"center center","background-size":"auto","background-attachment":"scroll","background-type":"","background-media":"","overlay-type":"","overlay-color":"","overlay-opacity":"","overlay-gradient":""},"tablet":{"background-color":"var(--ast-global-color-5)","background-image":"","background-repeat":"repeat","background-position":"center center","background-size":"auto","background-attachment":"scroll","background-type":"","background-media":"","overlay-type":"","overlay-color":"","overlay-opacity":"","overlay-gradient":""},"mobile":{"background-color":"var(--ast-global-color-5)","background-image":"","background-repeat":"repeat","background-position":"center center","background-size":"auto","background-attachment":"scroll","background-type":"","background-media":"","overlay-type":"","overlay-color":"","overlay-opacity":"","overlay-gradient":""}},"footnotes":""},"class_list":["post-3910","page","type-page","status-publish","hentry"],"_links":{"self":[{"href":"https:\/\/oasisofbeing.at\/de\/wp-json\/wp\/v2\/pages\/3910","targetHints":{"allow":["GET"]}}],"collection":[{"href":"https:\/\/oasisofbeing.at\/de\/wp-json\/wp\/v2\/pages"}],"about":[{"href":"https:\/\/oasisofbeing.at\/de\/wp-json\/wp\/v2\/types\/page"}],"author":[{"embeddable":true,"href":"https:\/\/oasisofbeing.at\/de\/wp-json\/wp\/v2\/users\/4"}],"replies":[{"embeddable":true,"href":"https:\/\/oasisofbeing.at\/de\/wp-json\/wp\/v2\/comments?post=3910"}],"version-history":[{"count":15,"href":"https:\/\/oasisofbeing.at\/de\/wp-json\/wp\/v2\/pages\/3910\/revisions"}],"predecessor-version":[{"id":4227,"href":"https:\/\/oasisofbeing.at\/de\/wp-json\/wp\/v2\/pages\/3910\/revisions\/4227"}],"wp:attachment":[{"href":"https:\/\/oasisofbeing.at\/de\/wp-json\/wp\/v2\/media?parent=3910"}],"curies":[{"name":"wp","href":"https:\/\/api.w.org\/{rel}","templated":true}]}}